{"id":98,"date":"2024-01-28T11:47:50","date_gmt":"2024-01-28T10:47:50","guid":{"rendered":"https:\/\/engos.rs\/?post_type=product&#038;p=98"},"modified":"2024-06-20T20:07:13","modified_gmt":"2024-06-20T18:07:13","slug":"you-won-my-heart","status":"publish","type":"product","link":"https:\/\/engos.rs\/?product=you-won-my-heart","title":{"rendered":"You Won My Heart"},"content":{"rendered":"<p>You Won My Heart je kreativan, ru\u010dno oslikan poklon za nekoga koga voli\u0161. Ljubav je ono ne\u0161to neuhvatljivo \u0161to svi \u017eelimo i tra\u017eimo. A kada je na\u0111emo&#8230; treba i da je poka\u017eemo.<\/p>\n<p>&nbsp;<\/p>\n<p>Kreativna izmena \u010duvene igre Iks Oks u kojoj ste pobednici ti i tvoja posebna osoba. Crveni elemnti dominiraju, kao i tema ljubavi u ovom zanimljivom poklon ramu. Ovo je originalan poklon za bilo koji va\u017ean datum, a mo\u017eda i bez posebnog povoda. Neobi\u010dni spoj umetnosti, dobro poznate igre i ljubavi, u elegantnom belom ramu.<\/p>\n<p>&nbsp;<\/p>\n<p>Ova neobi\u010dna dekoracija ulep\u0161a\u0107e svaki kutak doma i izmamiti osmeh i toplinu.<\/p>\n<p>&nbsp;<\/p>\n<p>Mogu\u0107a je personalizacija proizvoda.<\/p>\n<p>Rok izrade 2-3 radna dana.<\/p>\n<p>Dimenzije: 25 x 25 cm<\/p>\n<p>&nbsp;<\/p>\n<p>*<em>Boje mogu blago varirati zbog osvetljenja i uglova fotografisanja.<\/em><\/p>\n<p>&nbsp;<\/p>\n<p><em>*Svi proizvodi i dizajni predstavljeni na ovom sajtu su u vlasni\u0161tvu autora i firme Engos d.o.o. osim ako nije druga\u010dije navedeno. Zabranjeno je svako kopiranje ili kori\u0161\u0107enje sadr\u017eaja, dizajna ili proizcvoda predstavljenih na ovom sajtu.<\/em><\/p>\n","protected":false},"excerpt":{"rendered":"<p>You Won My Heart je kreativan, ru\u010dno oslikan poklon za nekoga koga voli\u0161. Ljubav je ono ne\u0161to neuhvatljivo \u0161to svi \u017eelimo i tra\u017eimo. A kada je na\u0111emo&#8230; treba i da je poka\u017eemo.<\/p>\n","protected":false},"featured_media":81,"comment_status":"open","ping_status":"closed","template":"","meta":[],"product_brand":[],"product_cat":[30,19],"product_tag":[21,35,34,36,22,38,37],"class_list":{"0":"post-98","1":"product","2":"type-product","3":"status-publish","4":"has-post-thumbnail","6":"product_cat-8-mart","7":"product_cat-dan-zaljubljenih","8":"product_tag-dan-zaljubljenih","9":"product_tag-iks-oks","10":"product_tag-osmi-mart","11":"product_tag-osvojeno-srce","12":"product_tag-poklon-ram","13":"product_tag-rucno-oslikano","14":"product_tag-umetnicke-dekoracije","16":"first","17":"instock","18":"taxable","19":"shipping-taxable","20":"purchasable","21":"product-type-simple"},"_links":{"self":[{"href":"https:\/\/engos.rs\/index.php?rest_route=\/wp\/v2\/product\/98","targetHints":{"allow":["GET"]}}],"collection":[{"href":"https:\/\/engos.rs\/index.php?rest_route=\/wp\/v2\/product"}],"about":[{"href":"https:\/\/engos.rs\/index.php?rest_route=\/wp\/v2\/types\/product"}],"replies":[{"embeddable":true,"href":"https:\/\/engos.rs\/index.php?rest_route=%2Fwp%2Fv2%2Fcomments&post=98"}],"wp:featuredmedia":[{"embeddable":true,"href":"https:\/\/engos.rs\/index.php?rest_route=\/wp\/v2\/media\/81"}],"wp:attachment":[{"href":"https:\/\/engos.rs\/index.php?rest_route=%2Fwp%2Fv2%2Fmedia&parent=98"}],"wp:term":[{"taxonomy":"product_brand","embeddable":true,"href":"https:\/\/engos.rs\/index.php?rest_route=%2Fwp%2Fv2%2Fproduct_brand&post=98"},{"taxonomy":"product_cat","embeddable":true,"href":"https:\/\/engos.rs\/index.php?rest_route=%2Fwp%2Fv2%2Fproduct_cat&post=98"},{"taxonomy":"product_tag","embeddable":true,"href":"https:\/\/engos.rs\/index.php?rest_route=%2Fwp%2Fv2%2Fproduct_tag&post=98"}],"curies":[{"name":"wp","href":"https:\/\/api.w.org\/{rel}","templated":true}]}}