{"id":90,"date":"2024-01-28T11:21:52","date_gmt":"2024-01-28T10:21:52","guid":{"rendered":"https:\/\/engos.rs\/?post_type=product&#038;p=90"},"modified":"2025-07-05T15:23:02","modified_gmt":"2025-07-05T13:23:02","slug":"zlatno-slovo","status":"publish","type":"product","link":"https:\/\/engos.rs\/?product=zlatno-slovo","title":{"rendered":"Slovo zlatne boje"},"content":{"rendered":"<p>Slovo zlatne boje je kreativan, ru\u010dno oslikan poklon za nekoga koga voli\u0161. Ljubav je ono ne\u0161to neuhvatljivo \u0161to svi \u017eelimo i tra\u017eimo. A kada je na\u0111emo&#8230; treba i da je poka\u017eemo.<\/p>\n<p>&nbsp;<\/p>\n<p>Izaberite prvo slovo imena drage osobe i mi \u0107emo ga kreirati u ovom neobi\u010dnom stilu zlatnih kamen\u010di\u0107a. Ovo je originalan poklon za bilo koji va\u017ean datum, a mo\u017eda i bez posebnog povoda. Predivni spoj crne i zlatne boje u elegantnom belom ramu.<\/p>\n<p>&nbsp;<\/p>\n<p>Ova neobi\u010dna dekoracija ulep\u0161a\u0107e svaki kutak doma i izmamiti osmeh i toplinu.<\/p>\n<p>&nbsp;<\/p>\n<p>Mogu\u0107a je personalizacija proizvoda.<\/p>\n<p>Rok izrade 2-3 radna dana.<\/p>\n<p>Dimenzije: 25 x 25 cm<\/p>\n<p>&nbsp;<\/p>\n<p>*<em>Boje mogu blago varirati zbog osvetljenja i uglova fotografisanja.<\/em><\/p>\n<p><em>*Svi proizvodi i dizajni predstavljeni na ovom sajtu su u vlasni\u0161tvu autora i firme Engos d.o.o. osim ako nije druga\u010dije navedeno. Zabranjeno je svako kopiranje ili kori\u0161\u0107enje sadr\u017eaja, dizajna ili proizcvoda predstavljenih na ovom sajtu.<\/em><\/p>\n","protected":false},"excerpt":{"rendered":"<p>Slovo zlatne boje \u00a0je kreativan, ru\u010dno oslikan poklon za nekoga koga voli\u0161. Ljubav je ono ne\u0161to neuhvatljivo \u0161to svi \u017eelimo i tra\u017eimo. A kada je na\u0111emo&#8230; treba i da je poka\u017eemo.<\/p>\n","protected":false},"featured_media":75,"comment_status":"open","ping_status":"closed","template":"","meta":[],"product_brand":[],"product_cat":[30,19,18],"product_tag":[21,34,22,31,38,37,29],"class_list":{"0":"post-90","1":"product","2":"type-product","3":"status-publish","4":"has-post-thumbnail","6":"product_cat-8-mart","7":"product_cat-dan-zaljubljenih","8":"product_cat-dekoracije-zlatne-boje","9":"product_tag-dan-zaljubljenih","10":"product_tag-osmi-mart","11":"product_tag-poklon-ram","12":"product_tag-prvo-slovo-imena","13":"product_tag-rucno-oslikano","14":"product_tag-umetnicke-dekoracije","15":"product_tag-zlatne-dekoracije","17":"first","18":"instock","19":"taxable","20":"shipping-taxable","21":"purchasable","22":"product-type-variable"},"_links":{"self":[{"href":"https:\/\/engos.rs\/index.php?rest_route=\/wp\/v2\/product\/90","targetHints":{"allow":["GET"]}}],"collection":[{"href":"https:\/\/engos.rs\/index.php?rest_route=\/wp\/v2\/product"}],"about":[{"href":"https:\/\/engos.rs\/index.php?rest_route=\/wp\/v2\/types\/product"}],"replies":[{"embeddable":true,"href":"https:\/\/engos.rs\/index.php?rest_route=%2Fwp%2Fv2%2Fcomments&post=90"}],"wp:featuredmedia":[{"embeddable":true,"href":"https:\/\/engos.rs\/index.php?rest_route=\/wp\/v2\/media\/75"}],"wp:attachment":[{"href":"https:\/\/engos.rs\/index.php?rest_route=%2Fwp%2Fv2%2Fmedia&parent=90"}],"wp:term":[{"taxonomy":"product_brand","embeddable":true,"href":"https:\/\/engos.rs\/index.php?rest_route=%2Fwp%2Fv2%2Fproduct_brand&post=90"},{"taxonomy":"product_cat","embeddable":true,"href":"https:\/\/engos.rs\/index.php?rest_route=%2Fwp%2Fv2%2Fproduct_cat&post=90"},{"taxonomy":"product_tag","embeddable":true,"href":"https:\/\/engos.rs\/index.php?rest_route=%2Fwp%2Fv2%2Fproduct_tag&post=90"}],"curies":[{"name":"wp","href":"https:\/\/api.w.org\/{rel}","templated":true}]}}