{"id":540,"date":"2024-12-07T18:18:22","date_gmt":"2024-12-07T17:18:22","guid":{"rendered":"https:\/\/engos.rs\/?post_type=product&#038;p=540"},"modified":"2024-12-07T18:57:15","modified_gmt":"2024-12-07T17:57:15","slug":"hang-on-let-me-overthink-this-stampa-na-platnu","status":"publish","type":"product","link":"https:\/\/engos.rs\/?product=hang-on-let-me-overthink-this-stampa-na-platnu","title":{"rendered":"Let me overthink this (m) &#8211; \u0161tampa na platnu"},"content":{"rendered":"<p>Let me overthink this je \u0161tampan na kvalitetnom slikarskom platnu. Dizajnirali smo ga tako da privla\u010di svaki pogled kontrastom jarkih boja i klasi\u010dnih gr\u010dkih statua. Dizajn je upotpunjen citatom u kome se mnogo nas pronalazi &#8211; overthinking, iliti paraliza od analize.<\/p>\n<p>&nbsp;<\/p>\n<p>Za\u0161to ne bismo spojili nespojivo i stvorili neobi\u010dan i unikatan dizajn koji \u0107e odli\u010dno izgledati u svakom kutku doma ili poslovnog prostora? \u00a0Upravo to smo i uradili! \ud83d\ude42<\/p>\n<p>&nbsp;<\/p>\n<p>Ovaj motiv je \u0161tampan na canvasu, slikarskom platnu, koje je nategnuto na unutra\u0161nji drveni ram. Ovo je originalan poklon za bilo koji va\u017ean datum, a mo\u017eda i bez posebnog povoda.<\/p>\n<p>&nbsp;<\/p>\n<p>Mogu\u0107a je personalizacija proizvoda.<\/p>\n<p>Rok izrade 2-3 radna dana.<\/p>\n<p>&nbsp;<\/p>\n<p>*<em>Boje mogu blago varirati zbog osvetljenja i uglova fotografisanja.<\/em><\/p>\n<p>&nbsp;<\/p>\n<p><em>*Svi proizvodi i dizajni predstavljeni na ovom sajtu su u vlasni\u0161tvu autora i firme Engos d.o.o. osim ako nije druga\u010dije navedeno. Zabranjeno je svako kopiranje ili kori\u0161\u0107enje sadr\u017eaja, dizajna ili proizcvoda predstavljenih na ovom sajtu.<\/em><\/p>\n","protected":false},"excerpt":{"rendered":"<p>Hang on let me overthink this je \u0161tampan na kvalitetnom slikarskom platnu. Dizajnirali smo ga tako da privla\u010di svaki pogled kontrastom jarkih boja i klasi\u010dnih gr\u010dkih statua.<\/p>\n","protected":false},"featured_media":552,"comment_status":"open","ping_status":"closed","template":"","meta":[],"product_brand":[],"product_cat":[43],"product_tag":[47,45,46,44,37],"class_list":{"0":"post-540","1":"product","2":"type-product","3":"status-publish","4":"has-post-thumbnail","6":"product_cat-stampa-na-platnu","7":"product_tag-kreativni-poklon","8":"product_tag-stampa-na-canvasu","9":"product_tag-stampa-na-kanvasu","10":"product_tag-stampa-na-platnu","11":"product_tag-umetnicke-dekoracije","13":"first","14":"instock","15":"taxable","16":"shipping-taxable","17":"purchasable","18":"product-type-variable"},"_links":{"self":[{"href":"https:\/\/engos.rs\/index.php?rest_route=\/wp\/v2\/product\/540","targetHints":{"allow":["GET"]}}],"collection":[{"href":"https:\/\/engos.rs\/index.php?rest_route=\/wp\/v2\/product"}],"about":[{"href":"https:\/\/engos.rs\/index.php?rest_route=\/wp\/v2\/types\/product"}],"replies":[{"embeddable":true,"href":"https:\/\/engos.rs\/index.php?rest_route=%2Fwp%2Fv2%2Fcomments&post=540"}],"wp:featuredmedia":[{"embeddable":true,"href":"https:\/\/engos.rs\/index.php?rest_route=\/wp\/v2\/media\/552"}],"wp:attachment":[{"href":"https:\/\/engos.rs\/index.php?rest_route=%2Fwp%2Fv2%2Fmedia&parent=540"}],"wp:term":[{"taxonomy":"product_brand","embeddable":true,"href":"https:\/\/engos.rs\/index.php?rest_route=%2Fwp%2Fv2%2Fproduct_brand&post=540"},{"taxonomy":"product_cat","embeddable":true,"href":"https:\/\/engos.rs\/index.php?rest_route=%2Fwp%2Fv2%2Fproduct_cat&post=540"},{"taxonomy":"product_tag","embeddable":true,"href":"https:\/\/engos.rs\/index.php?rest_route=%2Fwp%2Fv2%2Fproduct_tag&post=540"}],"curies":[{"name":"wp","href":"https:\/\/api.w.org\/{rel}","templated":true}]}}