{"id":503,"date":"2024-07-04T21:16:57","date_gmt":"2024-07-04T19:16:57","guid":{"rendered":"https:\/\/engos.rs\/?post_type=product&#038;p=503"},"modified":"2024-12-07T19:32:58","modified_gmt":"2024-12-07T18:32:58","slug":"personalizovana-mapa-dva-srca","status":"publish","type":"product","link":"https:\/\/engos.rs\/?product=personalizovana-mapa-dva-srca","title":{"rendered":"Personalizovana mapa &#8211; dva srca"},"content":{"rendered":"<p>Personalizovana mapa je jedinstven kreativni poklon tvog omiljenog mesta.\u00a0Dobijate od\u0161tampanu peronalizovanu mapu na kvalitetnom slikarskom platnu, sa natpisom po \u017eelji.<\/p>\n<p>&nbsp;<\/p>\n<p>Mapu personalizujte imenima, dragim citatima i va\u017enim datumom. Izaberite savr\u0161enu boju mape i font koji Vam se najvi\u0161e dopada.<\/p>\n<p>&nbsp;<\/p>\n<p>Personalizovana mapa mo\u017ee biti kreativan poklon za ven\u010danja, kr\u0161tenja, ro\u0111endane, godi\u0161njice ili bilo koji drugi va\u017ean datum. Mo\u017ee biti unikatan poklon za zavr\u0161etak pred\u0161kolskog ili \u0161kole kao poklon vaspita\u010dima, u\u010diteljima ili razrednim stare\u0161inama. \u010cest je izbor i kao poklon za 8. mart.<\/p>\n<p>&nbsp;<\/p>\n<p>Ono \u0161to personalizovane mape \u010dini posebnim je i to \u0161to je trajna uspomena, \u0161tampana na kvalitetnom slikarskom platnu. Ova neobi\u010dna dekoracija, koju sami kreirate, ulep\u0161a\u0107e svaki kutak doma i izmamiti osmeh i toplinu.<\/p>\n<p>&nbsp;<\/p>\n<p>Mogu\u0107a je personalizacija proizvoda.<\/p>\n<p>Rok izrade 2-3 radna dana.<\/p>\n<p>&nbsp;<\/p>\n<p>*<i>Boje mogu blago varirati zbog osvetljenja i uglova fotografisanja.<\/i><\/p>\n<p>&nbsp;<\/p>\n<p><em>*Svi proizvodi i dizajni predstavljeni na ovom sajtu su u vlasni\u0161tvu autora i firme Engos d.o.o. osim ako nije druga\u010dije navedeno. Zabranjeno je svako kopiranje ili kori\u0161\u0107enje sadr\u017eaja, dizajna ili proizcvoda predstavljenih na ovom sajtu.<\/em><\/p>\n","protected":false},"excerpt":{"rendered":"<p>Personalizovana mapa je jedinstven kreativni poklon tvog omiljenog mesta.\u00a0Dobijate od\u0161tampanu peronalizovanu mapu na kvalitetnom slikarskom platnu, sa natpisom po \u017eelji.<\/p>\n","protected":false},"featured_media":507,"comment_status":"open","ping_status":"closed","template":"","meta":[],"product_brand":[],"product_cat":[30,19,72,43],"product_tag":[21,47,66,67,34,73,63,45,46,44,37,60,59,56,58,57,62,61,55],"class_list":{"0":"post-503","1":"product","2":"type-product","3":"status-publish","4":"has-post-thumbnail","6":"product_cat-8-mart","7":"product_cat-dan-zaljubljenih","8":"product_cat-personalizovane-mape","9":"product_cat-stampa-na-platnu","10":"product_tag-dan-zaljubljenih","11":"product_tag-kreativni-poklon","12":"product_tag-mapa-zvezda","13":"product_tag-moje-zvezde","14":"product_tag-osmi-mart","15":"product_tag-personalizovana-mapa","16":"product_tag-personalizovani-poklon","17":"product_tag-stampa-na-canvasu","18":"product_tag-stampa-na-kanvasu","19":"product_tag-stampa-na-platnu","20":"product_tag-umetnicke-dekoracije","21":"product_tag-za-nastavnicu","22":"product_tag-za-nastavnika","23":"product_tag-za-svadbe","24":"product_tag-za-ucitelja","25":"product_tag-za-uciteljicu","26":"product_tag-za-vaspitaca","27":"product_tag-za-vaspitacicu","28":"product_tag-za-vencanja","30":"first","31":"instock","32":"taxable","33":"shipping-taxable","34":"purchasable","35":"product-type-variable"},"_links":{"self":[{"href":"https:\/\/engos.rs\/index.php?rest_route=\/wp\/v2\/product\/503","targetHints":{"allow":["GET"]}}],"collection":[{"href":"https:\/\/engos.rs\/index.php?rest_route=\/wp\/v2\/product"}],"about":[{"href":"https:\/\/engos.rs\/index.php?rest_route=\/wp\/v2\/types\/product"}],"replies":[{"embeddable":true,"href":"https:\/\/engos.rs\/index.php?rest_route=%2Fwp%2Fv2%2Fcomments&post=503"}],"wp:featuredmedia":[{"embeddable":true,"href":"https:\/\/engos.rs\/index.php?rest_route=\/wp\/v2\/media\/507"}],"wp:attachment":[{"href":"https:\/\/engos.rs\/index.php?rest_route=%2Fwp%2Fv2%2Fmedia&parent=503"}],"wp:term":[{"taxonomy":"product_brand","embeddable":true,"href":"https:\/\/engos.rs\/index.php?rest_route=%2Fwp%2Fv2%2Fproduct_brand&post=503"},{"taxonomy":"product_cat","embeddable":true,"href":"https:\/\/engos.rs\/index.php?rest_route=%2Fwp%2Fv2%2Fproduct_cat&post=503"},{"taxonomy":"product_tag","embeddable":true,"href":"https:\/\/engos.rs\/index.php?rest_route=%2Fwp%2Fv2%2Fproduct_tag&post=503"}],"curies":[{"name":"wp","href":"https:\/\/api.w.org\/{rel}","templated":true}]}}