{"id":398,"date":"2024-06-24T18:39:59","date_gmt":"2024-06-24T16:39:59","guid":{"rendered":"https:\/\/engos.rs\/?post_type=product&#038;p=398"},"modified":"2024-12-07T19:16:58","modified_gmt":"2024-12-07T18:16:58","slug":"zvucni-talas","status":"publish","type":"product","link":"https:\/\/engos.rs\/?product=zvucni-talas","title":{"rendered":"Zvu\u010dni talas"},"content":{"rendered":"<p>Zvu\u010dni talas je jedinstven personalizovani poklon. Va\u0161a omiljena pesma je predstavljena delom njenog zvu\u010dnog talasa. Dobijate od\u0161tampan personalizovani zvu\u010dni talas na kvalitetnom slikarskom platnu, sa natpisom po \u017eelji.<\/p>\n<p>&nbsp;<\/p>\n<p>Vizualizacija omiljene pesme mo\u017ee biti u odre\u0111enoj boji koju \u017eelite ili sa Va\u0161om omiljenom fotografijom. Natpis mo\u017ee biti bilo \u0161ta po Va\u0161oj \u017eelj &#8211; drag citat, deo teksta pesme, imena, va\u017ean datum.<\/p>\n<p>&nbsp;<\/p>\n<p>Zvu\u010dni talas tako\u0111e mo\u017ee imati QR kod koji vodi ka YouTube linku po Va\u0161o \u017eelji ili bilo kom drugom linku.<\/p>\n<p>&nbsp;<\/p>\n<p>Zvu\u010dni talas mo\u017ee biti kreativan poklon za ven\u010danja, kr\u0161tenja, ro\u0111endane ili bilo koji drugi va\u017ean datum. \u010cest je izbor i za godi\u0161njice.<\/p>\n<p>&nbsp;<\/p>\n<p>Ono \u0161to zvu\u010dni talas \u010dini posebnim je i to \u0161to je trajna uspomena, \u0161tampana na kvalitetnom slikarskom platnu. Ova neobi\u010dna dekoracija, koju sami kreirate, ulep\u0161a\u0107e svaki kutak doma i izmamiti osmeh i toplinu.<\/p>\n<p>&nbsp;<\/p>\n<p>Mogu\u0107a je personalizacija proizvoda.<\/p>\n<p>Rok izrade 2-3 radna dana.<\/p>\n<p>&nbsp;<\/p>\n<p>*<i>Boje mogu blago varirati zbog osvetljenja i uglova fotografisanja.<\/i><\/p>\n<p>&nbsp;<\/p>\n<p><em>*Svi proizvodi i dizajni predstavljeni na ovom sajtu su u vlasni\u0161tvu autora i firme Engos d.o.o. osim ako nije druga\u010dije navedeno. Zabranjeno je svako kopiranje ili kori\u0161\u0107enje sadr\u017eaja, dizajna ili proizcvoda predstavljenih na ovom sajtu.<\/em><\/p>\n","protected":false},"excerpt":{"rendered":"<p>Zvu\u010dni talas je jedinstven personalizovani poklon. Va\u0161a omiljena pesma je predstavljena delom njenog zvu\u010dnog talasa. Dobijate od\u0161tampan personalizovani zvu\u010dni talas na kvalitetnom slikarskom platnu, sa natpisom po \u017eelji. Ulep\u0161ajte poseban dan za Vas i Va\u0161e najdra\u017ee.<\/p>\n","protected":false},"featured_media":403,"comment_status":"open","ping_status":"closed","template":"","meta":[],"product_brand":[],"product_cat":[30,19,15,43],"product_tag":[21,47,34,63,45,46,44,37,60,59,56,58,57,62,61,55,70,71],"class_list":{"0":"post-398","1":"product","2":"type-product","3":"status-publish","4":"has-post-thumbnail","6":"product_cat-8-mart","7":"product_cat-dan-zaljubljenih","8":"product_cat-nasa-pesma","9":"product_cat-stampa-na-platnu","10":"product_tag-dan-zaljubljenih","11":"product_tag-kreativni-poklon","12":"product_tag-osmi-mart","13":"product_tag-personalizovani-poklon","14":"product_tag-stampa-na-canvasu","15":"product_tag-stampa-na-kanvasu","16":"product_tag-stampa-na-platnu","17":"product_tag-umetnicke-dekoracije","18":"product_tag-za-nastavnicu","19":"product_tag-za-nastavnika","20":"product_tag-za-svadbe","21":"product_tag-za-ucitelja","22":"product_tag-za-uciteljicu","23":"product_tag-za-vaspitaca","24":"product_tag-za-vaspitacicu","25":"product_tag-za-vencanja","26":"product_tag-zvucni-talas","27":"product_tag-zvucni-talas-pesme","29":"first","30":"instock","31":"taxable","32":"shipping-taxable","33":"purchasable","34":"product-type-variable"},"_links":{"self":[{"href":"https:\/\/engos.rs\/index.php?rest_route=\/wp\/v2\/product\/398","targetHints":{"allow":["GET"]}}],"collection":[{"href":"https:\/\/engos.rs\/index.php?rest_route=\/wp\/v2\/product"}],"about":[{"href":"https:\/\/engos.rs\/index.php?rest_route=\/wp\/v2\/types\/product"}],"replies":[{"embeddable":true,"href":"https:\/\/engos.rs\/index.php?rest_route=%2Fwp%2Fv2%2Fcomments&post=398"}],"wp:featuredmedia":[{"embeddable":true,"href":"https:\/\/engos.rs\/index.php?rest_route=\/wp\/v2\/media\/403"}],"wp:attachment":[{"href":"https:\/\/engos.rs\/index.php?rest_route=%2Fwp%2Fv2%2Fmedia&parent=398"}],"wp:term":[{"taxonomy":"product_brand","embeddable":true,"href":"https:\/\/engos.rs\/index.php?rest_route=%2Fwp%2Fv2%2Fproduct_brand&post=398"},{"taxonomy":"product_cat","embeddable":true,"href":"https:\/\/engos.rs\/index.php?rest_route=%2Fwp%2Fv2%2Fproduct_cat&post=398"},{"taxonomy":"product_tag","embeddable":true,"href":"https:\/\/engos.rs\/index.php?rest_route=%2Fwp%2Fv2%2Fproduct_tag&post=398"}],"curies":[{"name":"wp","href":"https:\/\/api.w.org\/{rel}","templated":true}]}}