{"id":309,"date":"2024-06-21T13:30:24","date_gmt":"2024-06-21T11:30:24","guid":{"rendered":"https:\/\/engos.rs\/?post_type=product&#038;p=309"},"modified":"2025-01-26T18:39:41","modified_gmt":"2025-01-26T17:39:41","slug":"drvo-otisaka-motiv-11","status":"publish","type":"product","link":"https:\/\/engos.rs\/?product=drvo-otisaka-motiv-11","title":{"rendered":"Drvo otisaka &#8211; Motiv 11"},"content":{"rendered":"<p>Drvo otisaka ili Fingerprint Tree je jedinstvena trajna uspomena koju stvarate zajedno sa ljudima koje volite. Dobijate od\u0161tampan motiv u obliku masla\u010dka, \u00a0na slikarskom platnu, a li\u0161\u0107e masla\u010dka \u0107ete sami kreirati ostavljaju\u0107i otiske sa svojim najdra\u017eima.<\/p>\n<p>&nbsp;<\/p>\n<p>Pored motiva i boja mastila, personalizujte drvo otisaka imenima, dragim citatima i va\u017enim datumom.<\/p>\n<p>&nbsp;<\/p>\n<p>Drvo otisaka mo\u017ee se koristiti na dan ven\u010danja, kr\u0161tenja, ro\u0111endana ili bilo kog drugog va\u017enog datuma. Mo\u017ee biti kreativan poklon za zavr\u0161etak pred\u0161kolskog ili \u0161kole kao poklon vaspita\u010dima, u\u010diteljima ili razrednim stare\u0161inama. \u010cest je izbor i kao poklon za 8. mart.<\/p>\n<p>&nbsp;<\/p>\n<p>Ono \u0161to drvo otisaka \u010dini posebnim je i to \u0161to je trajna uspomena, \u0161tampana na kvalitetnom slikarskom platnu.\u00a0Ova neobi\u010dna dekoracija, koju sami kreirate, ulep\u0161a\u0107e svaki kutak doma i izmamiti osmeh i toplinu.<\/p>\n<p>&nbsp;<\/p>\n<p>\u0160ta sve dobijate?<\/p>\n<ol>\n<li>Personalizovanu \u0161tampu na slikarskom platnu, nategnutu na unutra\u0161nji blind ram debljine 2cm, u dimenziji koju izaberete.<\/li>\n<li>Tri mastila u kombinaciji boja koje izaberete.<\/li>\n<li>Uputstvo za kreiranje i \u010duvanje drveta otisaka.<\/li>\n<\/ol>\n<p>&nbsp;<\/p>\n<p>Koju dimenziju drveta otisaka da izaberem? Treba imati na umu da su odre\u0111ene veli\u010dine platna preporu\u010dene za odre\u0111eni broj gostiju, tj. otisaka kako platno ne bi bilo prenatrpano ili delovalo prazno:<\/p>\n<ol>\n<li>Za do 50 otisaka &#8211; platno dimenzije 20 x 30cm<\/li>\n<li>Za 50 &#8211; 90 otisaka &#8211; platno dimenzije 30&#215;40 cm<\/li>\n<li>Za 90 &#8211; 130 otisaka &#8211; platno dimenzije 40&#215;50 cm<\/li>\n<li>Za preko 130 otisaka &#8211; platno dimenzije 50&#215;70 cm<\/li>\n<\/ol>\n<p>Mogu\u0107a je personalizacija proizvoda.<\/p>\n<p>Rok izrade 2-3 radna dana.<\/p>\n<p>&nbsp;<\/p>\n<p>*<i>Boje mogu blago varirati zbog osvetljenja i uglova fotografisanja.<\/i><\/p>\n<p>&nbsp;<\/p>\n<p><em>*Svi proizvodi i dizajni predstavljeni na ovom sajtu su u vlasni\u0161tvu autora i firme Engos d.o.o. osim ako nije druga\u010dije navedeno. Zabranjeno je svako kopiranje ili kori\u0161\u0107enje sadr\u017eaja, dizajna ili proizcvoda predstavljenih na ovom sajtu.<\/em><\/p>\n","protected":false},"excerpt":{"rendered":"<p>Drvo otisaka ili Fingerprint Tree je jedinstvena trajna uspomena koju stvarate zajedno sa ljudima koje volite. Na slikarskom platnu dobijate od\u0161tampan motiv drveta, a li\u0161\u0107e na drvetu \u0107ete sami kreirati ostavljaju\u0107i otiske sa svojim najdra\u017eima.<\/p>\n","protected":false},"featured_media":315,"comment_status":"open","ping_status":"closed","template":"","meta":[],"product_brand":[],"product_cat":[30,54,43],"product_tag":[21,47,63,45,46,44,37,52,60,59,56,58,57,62,61,55,50],"class_list":{"0":"post-309","1":"product","2":"type-product","3":"status-publish","4":"has-post-thumbnail","6":"product_cat-8-mart","7":"product_cat-drvo-otisaka","8":"product_cat-stampa-na-platnu","9":"product_tag-dan-zaljubljenih","10":"product_tag-kreativni-poklon","11":"product_tag-personalizovani-poklon","12":"product_tag-stampa-na-canvasu","13":"product_tag-stampa-na-kanvasu","14":"product_tag-stampa-na-platnu","15":"product_tag-umetnicke-dekoracije","16":"product_tag-wifi-znak","17":"product_tag-za-nastavnicu","18":"product_tag-za-nastavnika","19":"product_tag-za-svadbe","20":"product_tag-za-ucitelja","21":"product_tag-za-uciteljicu","22":"product_tag-za-vaspitaca","23":"product_tag-za-vaspitacicu","24":"product_tag-za-vencanja","25":"product_tag-zvezdana-dekoracija","27":"first","28":"instock","29":"taxable","30":"shipping-taxable","31":"purchasable","32":"product-type-variable"},"_links":{"self":[{"href":"https:\/\/engos.rs\/index.php?rest_route=\/wp\/v2\/product\/309","targetHints":{"allow":["GET"]}}],"collection":[{"href":"https:\/\/engos.rs\/index.php?rest_route=\/wp\/v2\/product"}],"about":[{"href":"https:\/\/engos.rs\/index.php?rest_route=\/wp\/v2\/types\/product"}],"replies":[{"embeddable":true,"href":"https:\/\/engos.rs\/index.php?rest_route=%2Fwp%2Fv2%2Fcomments&post=309"}],"wp:featuredmedia":[{"embeddable":true,"href":"https:\/\/engos.rs\/index.php?rest_route=\/wp\/v2\/media\/315"}],"wp:attachment":[{"href":"https:\/\/engos.rs\/index.php?rest_route=%2Fwp%2Fv2%2Fmedia&parent=309"}],"wp:term":[{"taxonomy":"product_brand","embeddable":true,"href":"https:\/\/engos.rs\/index.php?rest_route=%2Fwp%2Fv2%2Fproduct_brand&post=309"},{"taxonomy":"product_cat","embeddable":true,"href":"https:\/\/engos.rs\/index.php?rest_route=%2Fwp%2Fv2%2Fproduct_cat&post=309"},{"taxonomy":"product_tag","embeddable":true,"href":"https:\/\/engos.rs\/index.php?rest_route=%2Fwp%2Fv2%2Fproduct_tag&post=309"}],"curies":[{"name":"wp","href":"https:\/\/api.w.org\/{rel}","templated":true}]}}