{"id":171,"date":"2024-01-29T12:34:17","date_gmt":"2024-01-29T11:34:17","guid":{"rendered":"https:\/\/engos.rs\/?post_type=product&#038;p=171"},"modified":"2024-12-07T18:17:55","modified_gmt":"2024-12-07T17:17:55","slug":"i-finally-found-you-platno","status":"publish","type":"product","link":"https:\/\/engos.rs\/?product=i-finally-found-you-platno","title":{"rendered":"I Finally Found You &#8211; \u0161tampa na platnu"},"content":{"rendered":"<p>I Finally Found You na slikarskom platnu je kreativan poklon za nekoga koga voli\u0161. Ljubav je ono ne\u0161to neuhvatljivo \u0161to svi \u017eelimo i tra\u017eimo. A kada je na\u0111emo\u2026 treba i da je poka\u017eemo.<\/p>\n<p>&nbsp;<\/p>\n<p>Koliko je zvezda na zvezdanom nebu? Me\u0111u svim sazve\u017e\u0111ima samo je jedna prava. Samo je jedna zvezda koju tra\u017eimo dugo i vredna je svakog provedenog minuta tra\u017eenja.\u00a0Ovaj kreativan ljubavni motiv je \u0161tampan na canvasu, slikarskom platnu, koje je nategnuto na unutra\u0161nji drveni ram. Ovo je originalan poklon za bilo koji va\u017ean datum, a mo\u017eda i bez posebnog povoda.<\/p>\n<p>&nbsp;<\/p>\n<p>Ova neobi\u010dna dekoracija ulep\u0161a\u0107e svaki kutak doma i izmamiti osmeh i toplinu.<\/p>\n<p>&nbsp;<\/p>\n<p>Mogu\u0107a je personalizacija proizvoda.<\/p>\n<p>Rok izrade 2-3 radna dana.<\/p>\n<p>&nbsp;<\/p>\n<p>*<em>Boje mogu blago varirati zbog osvetljenja i uglova fotografisanja.<\/em><\/p>\n<p>&nbsp;<\/p>\n<p><em>*Svi proizvodi i dizajni predstavljeni na ovom sajtu su u vlasni\u0161tvu autora i firme Engos d.o.o. osim ako nije druga\u010dije navedeno. Zabranjeno je svako kopiranje ili kori\u0161\u0107enje sadr\u017eaja, dizajna ili proizcvoda predstavljenih na ovom sajtu.<\/em><\/p>\n","protected":false},"excerpt":{"rendered":"<p>I Finally Found You na slikarskom platnu je kreativan poklon za nekoga koga voli\u0161. Ljubav je ono ne\u0161to neuhvatljivo \u0161to svi \u017eelimo i tra\u017eimo. A kada je na\u0111emo\u2026 treba i da je poka\u017eemo.<\/p>\n","protected":false},"featured_media":151,"comment_status":"open","ping_status":"closed","template":"","meta":[],"product_brand":[],"product_cat":[19,43],"product_tag":[21,47,45,46,44,51,37],"class_list":{"0":"post-171","1":"product","2":"type-product","3":"status-publish","4":"has-post-thumbnail","6":"product_cat-dan-zaljubljenih","7":"product_cat-stampa-na-platnu","8":"product_tag-dan-zaljubljenih","9":"product_tag-kreativni-poklon","10":"product_tag-stampa-na-canvasu","11":"product_tag-stampa-na-kanvasu","12":"product_tag-stampa-na-platnu","13":"product_tag-trazenje-ljubavi","14":"product_tag-umetnicke-dekoracije","16":"first","17":"instock","18":"taxable","19":"shipping-taxable","20":"purchasable","21":"product-type-variable"},"_links":{"self":[{"href":"https:\/\/engos.rs\/index.php?rest_route=\/wp\/v2\/product\/171","targetHints":{"allow":["GET"]}}],"collection":[{"href":"https:\/\/engos.rs\/index.php?rest_route=\/wp\/v2\/product"}],"about":[{"href":"https:\/\/engos.rs\/index.php?rest_route=\/wp\/v2\/types\/product"}],"replies":[{"embeddable":true,"href":"https:\/\/engos.rs\/index.php?rest_route=%2Fwp%2Fv2%2Fcomments&post=171"}],"wp:featuredmedia":[{"embeddable":true,"href":"https:\/\/engos.rs\/index.php?rest_route=\/wp\/v2\/media\/151"}],"wp:attachment":[{"href":"https:\/\/engos.rs\/index.php?rest_route=%2Fwp%2Fv2%2Fmedia&parent=171"}],"wp:term":[{"taxonomy":"product_brand","embeddable":true,"href":"https:\/\/engos.rs\/index.php?rest_route=%2Fwp%2Fv2%2Fproduct_brand&post=171"},{"taxonomy":"product_cat","embeddable":true,"href":"https:\/\/engos.rs\/index.php?rest_route=%2Fwp%2Fv2%2Fproduct_cat&post=171"},{"taxonomy":"product_tag","embeddable":true,"href":"https:\/\/engos.rs\/index.php?rest_route=%2Fwp%2Fv2%2Fproduct_tag&post=171"}],"curies":[{"name":"wp","href":"https:\/\/api.w.org\/{rel}","templated":true}]}}