{"id":15,"date":"2024-01-27T18:03:27","date_gmt":"2024-01-27T18:03:27","guid":{"rendered":"https:\/\/engos.rs\/?post_type=product&#038;p=15"},"modified":"2024-08-30T19:22:29","modified_gmt":"2024-08-30T17:22:29","slug":"love-puzzle","status":"publish","type":"product","link":"https:\/\/engos.rs\/?product=love-puzzle","title":{"rendered":"Love puzzle"},"content":{"rendered":"<p>Love puzzle je kreativan, ru\u010dno oslikan poklon za nekoga koga voli\u0161. Ljubav je ono ne\u0161to neuhvatljivo \u0161to svi \u017eelimo i tra\u017eimo. A kada je na\u0111emo&#8230; treba i da je poka\u017eemo.<\/p>\n<p>&nbsp;<\/p>\n<p>Srce kao ve\u010dni simbol ljubavi i delovi slagalice koje ste na\u0161li i uklopili ti i tvoja posebna osoba. Predivni spoj crne i zlatne boje i ljubavne simbolike u elegantnom belom ramu.<\/p>\n<p>&nbsp;<\/p>\n<p>Ova neobi\u010dna dekoracija ulep\u0161a\u0107e svaki kutak doma i izmamiti osmeh i toplinu.<\/p>\n<p>&nbsp;<\/p>\n<p>Mogu\u0107a je personalizacija proizvoda.<\/p>\n<p>Rok izrade 2-3 radna dana.<\/p>\n<p>Dimenzije: 25 x 25 cm<\/p>\n<p>&nbsp;<\/p>\n<p>*<em>Boje mogu blago varirati zbog osvetljenja i uglova fotografisanja.<\/em><\/p>\n<p>&nbsp;<\/p>\n<p><em>*Svi proizvodi i dizajni predstavljeni na ovom sajtu su u vlasni\u0161tvu autora i firme Engos d.o.o. osim ako nije druga\u010dije navedeno. Zabranjeno je svako kopiranje ili kori\u0161\u0107enje sadr\u017eaja, dizajna ili proizcvoda predstavljenih na ovom sajtu.<\/em><\/p>\n","protected":false},"excerpt":{"rendered":"<p>Love puzzle je kreativan, ru\u010dno oslikan poklon za nekoga koga voli\u0161. Ljubav je ono ne\u0161to neuhvatljivo \u0161to svi \u017eelimo i tra\u017eimo. A kada je na\u0111emo&#8230; treba i da je poka\u017eemo.<\/p>\n","protected":false},"featured_media":70,"comment_status":"open","ping_status":"closed","template":"","meta":[],"product_brand":[],"product_cat":[30,19,18],"product_tag":[21,34,22,38,37,29,24,25,23],"class_list":{"0":"post-15","1":"product","2":"type-product","3":"status-publish","4":"has-post-thumbnail","6":"product_cat-8-mart","7":"product_cat-dan-zaljubljenih","8":"product_cat-dekoracije-zlatne-boje","9":"product_tag-dan-zaljubljenih","10":"product_tag-osmi-mart","11":"product_tag-poklon-ram","12":"product_tag-rucno-oslikano","13":"product_tag-umetnicke-dekoracije","14":"product_tag-zlatne-dekoracije","15":"product_tag-zlatne-puzle","16":"product_tag-zlatne-slagalice","17":"product_tag-zlatno-srce","19":"first","20":"instock","21":"taxable","22":"shipping-taxable","23":"purchasable","24":"product-type-simple"},"_links":{"self":[{"href":"https:\/\/engos.rs\/index.php?rest_route=\/wp\/v2\/product\/15","targetHints":{"allow":["GET"]}}],"collection":[{"href":"https:\/\/engos.rs\/index.php?rest_route=\/wp\/v2\/product"}],"about":[{"href":"https:\/\/engos.rs\/index.php?rest_route=\/wp\/v2\/types\/product"}],"replies":[{"embeddable":true,"href":"https:\/\/engos.rs\/index.php?rest_route=%2Fwp%2Fv2%2Fcomments&post=15"}],"wp:featuredmedia":[{"embeddable":true,"href":"https:\/\/engos.rs\/index.php?rest_route=\/wp\/v2\/media\/70"}],"wp:attachment":[{"href":"https:\/\/engos.rs\/index.php?rest_route=%2Fwp%2Fv2%2Fmedia&parent=15"}],"wp:term":[{"taxonomy":"product_brand","embeddable":true,"href":"https:\/\/engos.rs\/index.php?rest_route=%2Fwp%2Fv2%2Fproduct_brand&post=15"},{"taxonomy":"product_cat","embeddable":true,"href":"https:\/\/engos.rs\/index.php?rest_route=%2Fwp%2Fv2%2Fproduct_cat&post=15"},{"taxonomy":"product_tag","embeddable":true,"href":"https:\/\/engos.rs\/index.php?rest_route=%2Fwp%2Fv2%2Fproduct_tag&post=15"}],"curies":[{"name":"wp","href":"https:\/\/api.w.org\/{rel}","templated":true}]}}