{"id":100,"date":"2024-01-28T12:37:38","date_gmt":"2024-01-28T11:37:38","guid":{"rendered":"https:\/\/engos.rs\/?post_type=product&#038;p=100"},"modified":"2024-06-20T20:07:50","modified_gmt":"2024-06-20T18:07:50","slug":"you-me","status":"publish","type":"product","link":"https:\/\/engos.rs\/?product=you-me","title":{"rendered":"You + Me"},"content":{"rendered":"<p>You + Me je kreativan, ru\u010dno oslikan poklon za nekoga koga voli\u0161. Ljubav je ono ne\u0161to neuhvatljivo \u0161to svi \u017eelimo i tra\u017eimo. A kada je na\u0111emo&#8230; treba i da je poka\u017eemo.<\/p>\n<p>&nbsp;<\/p>\n<p>U ovom poklon ramu smo se poigrali sa crvenom bojom, slikanjem i oslikavanjem drveta. Crveni elementi dominiraju, kao i tema ljubavi u ovom originalnom poklonu. Neobi\u010dni spoj umetnosti, razli\u010ditih materijala i ljubavi, u elegantnom belom ramu.<\/p>\n<p>&nbsp;<\/p>\n<p>Ova neobi\u010dna dekoracija ulep\u0161a\u0107e svaki kutak doma i izmamiti osmeh i toplinu.<\/p>\n<p>&nbsp;<\/p>\n<p>Mogu\u0107a je personalizacija proizvoda.<\/p>\n<p>Rok izrade 2-3 radna dana.<\/p>\n<p>Dimenzije: 25 x 25 cm<\/p>\n<p>&nbsp;<\/p>\n<p>*<em>Boje mogu blago varirati zbog osvetljenja i uglova fotografisanja.<\/em><\/p>\n<p>&nbsp;<\/p>\n<p><em>*Svi proizvodi i dizajni predstavljeni na ovom sajtu su u vlasni\u0161tvu autora i firme Engos d.o.o. osim ako nije druga\u010dije navedeno. Zabranjeno je svako kopiranje ili kori\u0161\u0107enje sadr\u017eaja, dizajna ili proizcvoda predstavljenih na ovom sajtu.<\/em><\/p>\n","protected":false},"excerpt":{"rendered":"<p>You + Me je kreativan, ru\u010dno oslikan poklon za nekoga koga voli\u0161. Ljubav je ono ne\u0161to neuhvatljivo \u0161to svi \u017eelimo i tra\u017eimo. A kada je na\u0111emo&#8230; treba i da je poka\u017eemo.<\/p>\n","protected":false},"featured_media":83,"comment_status":"open","ping_status":"closed","template":"","meta":[],"product_brand":[],"product_cat":[30,19],"product_tag":[21,39,34,22,38,37],"class_list":{"0":"post-100","1":"product","2":"type-product","3":"status-publish","4":"has-post-thumbnail","6":"product_cat-8-mart","7":"product_cat-dan-zaljubljenih","8":"product_tag-dan-zaljubljenih","9":"product_tag-drveno-srce","10":"product_tag-osmi-mart","11":"product_tag-poklon-ram","12":"product_tag-rucno-oslikano","13":"product_tag-umetnicke-dekoracije","15":"first","16":"instock","17":"taxable","18":"shipping-taxable","19":"purchasable","20":"product-type-simple"},"_links":{"self":[{"href":"https:\/\/engos.rs\/index.php?rest_route=\/wp\/v2\/product\/100","targetHints":{"allow":["GET"]}}],"collection":[{"href":"https:\/\/engos.rs\/index.php?rest_route=\/wp\/v2\/product"}],"about":[{"href":"https:\/\/engos.rs\/index.php?rest_route=\/wp\/v2\/types\/product"}],"replies":[{"embeddable":true,"href":"https:\/\/engos.rs\/index.php?rest_route=%2Fwp%2Fv2%2Fcomments&post=100"}],"wp:featuredmedia":[{"embeddable":true,"href":"https:\/\/engos.rs\/index.php?rest_route=\/wp\/v2\/media\/83"}],"wp:attachment":[{"href":"https:\/\/engos.rs\/index.php?rest_route=%2Fwp%2Fv2%2Fmedia&parent=100"}],"wp:term":[{"taxonomy":"product_brand","embeddable":true,"href":"https:\/\/engos.rs\/index.php?rest_route=%2Fwp%2Fv2%2Fproduct_brand&post=100"},{"taxonomy":"product_cat","embeddable":true,"href":"https:\/\/engos.rs\/index.php?rest_route=%2Fwp%2Fv2%2Fproduct_cat&post=100"},{"taxonomy":"product_tag","embeddable":true,"href":"https:\/\/engos.rs\/index.php?rest_route=%2Fwp%2Fv2%2Fproduct_tag&post=100"}],"curies":[{"name":"wp","href":"https:\/\/api.w.org\/{rel}","templated":true}]}}