{"id":617,"date":"2025-01-26T17:49:42","date_gmt":"2025-01-26T16:49:42","guid":{"rendered":"https:\/\/engos.rs\/?page_id=617"},"modified":"2025-01-26T17:49:42","modified_gmt":"2025-01-26T16:49:42","slug":"eventjinny","status":"publish","type":"page","link":"https:\/\/engos.rs\/?page_id=617","title":{"rendered":"EventJinny"},"content":{"rendered":"\n<div class=\"wp-block-group alignfull has-accent-background-color has-background has-global-padding is-layout-constrained wp-container-core-group-is-layout-669513ed wp-block-group-is-layout-constrained\" style=\"margin-top:0;margin-bottom:0;padding-top:var(--wp--preset--spacing--50);padding-right:var(--wp--preset--spacing--50);padding-bottom:var(--wp--preset--spacing--50);padding-left:var(--wp--preset--spacing--50)\">\n<div class=\"wp-block-columns alignwide is-layout-flex wp-container-core-columns-is-layout-1da03c2a wp-block-columns-is-layout-flex\">\n<div class=\"wp-block-column is-vertically-aligned-stretch is-layout-flow wp-block-column-is-layout-flow\" style=\"flex-basis:50%\">\n<div class=\"wp-block-group is-vertical is-content-justification-stretch is-layout-flex wp-container-core-group-is-layout-444d5ee8 wp-block-group-is-layout-flex\" style=\"min-height:100%\">\n<p class=\"has-heading-font-family has-x-large-font-size\" style=\"line-height:1.2\">Novo na tr\u017ei\u0161tu Srbije! Foto i video ure\u0111aj podr\u017ean ve\u0161ta\u010dkom inteligencijom (AI) &#8211; savr\u0161en izbor za sve vrste proslava &#8211; od ven\u010danja i ro\u0111endana do korporativnih proslava. <\/p>\n\n\n\n<div class=\"wp-block-group has-global-padding is-content-justification-left is-layout-constrained wp-container-core-group-is-layout-9fe8ed88 wp-block-group-is-layout-constrained\">\n<p class=\"wp-container-content-0733e5d0\">Zaboravite na standardne fotokabine, EventJinny je tu sa svojim tradicionalnim i elegantnim dizajnom iza koga se krije najmodernija tehnologija iz Velike Britanije.<\/p>\n\n\n\n<div class=\"wp-block-buttons is-layout-flex wp-block-buttons-is-layout-flex\">\n<div class=\"wp-block-button\"><a class=\"wp-block-button__link wp-element-button\">Ekskluzivni zastupnik za Srbiju<\/a><\/div>\n<\/div>\n<\/div>\n<\/div>\n<\/div>\n\n\n\n<div class=\"wp-block-column is-vertically-aligned-center is-layout-flow wp-block-column-is-layout-flow\" style=\"flex-basis:50%\">\n<figure class=\"wp-block-image size-large is-style-rounded is-style-rounded--1\"><img loading=\"lazy\" decoding=\"async\" width=\"819\" height=\"1024\" src=\"https:\/\/engos.rs\/wp-content\/uploads\/2025\/01\/najnoviji-foto-i-video-uredjaj-zaboravite-fotokabine-819x1024.jpg\" alt=\"\" class=\"wp-image-625\" style=\"aspect-ratio:3\/4;object-fit:cover\" srcset=\"https:\/\/engos.rs\/wp-content\/uploads\/2025\/01\/najnoviji-foto-i-video-uredjaj-zaboravite-fotokabine-819x1024.jpg 819w, https:\/\/engos.rs\/wp-content\/uploads\/2025\/01\/najnoviji-foto-i-video-uredjaj-zaboravite-fotokabine-240x300.jpg 240w, https:\/\/engos.rs\/wp-content\/uploads\/2025\/01\/najnoviji-foto-i-video-uredjaj-zaboravite-fotokabine-768x960.jpg 768w, https:\/\/engos.rs\/wp-content\/uploads\/2025\/01\/najnoviji-foto-i-video-uredjaj-zaboravite-fotokabine-600x750.jpg 600w, https:\/\/engos.rs\/wp-content\/uploads\/2025\/01\/najnoviji-foto-i-video-uredjaj-zaboravite-fotokabine.jpg 1200w\" sizes=\"auto, (max-width: 819px) 100vw, 819px\" \/><\/figure>\n<\/div>\n<\/div>\n\n\n\n<p class=\"has-text-align-center\">Mejl: <strong>info@engos.rs<\/strong>, Tel: <strong>061 687 51 01<\/strong><\/p>\n<\/div>\n\n\n\n<div class=\"wp-block-group alignfull has-global-padding is-layout-constrained wp-container-core-group-is-layout-669513ed wp-block-group-is-layout-constrained\" style=\"margin-top:0;margin-bottom:0;padding-top:var(--wp--preset--spacing--50);padding-right:var(--wp--preset--spacing--50);padding-bottom:var(--wp--preset--spacing--50);padding-left:var(--wp--preset--spacing--50)\">\n<div class=\"wp-block-group is-vertical is-content-justification-center is-layout-flex wp-container-core-group-is-layout-ce155fab wp-block-group-is-layout-flex\">\n<h2 class=\"wp-block-heading has-text-align-center has-xx-large-font-size\">Savr\u0161ena zabava<\/h2>\n\n\n\n<p class=\"has-text-align-center\">Vi i Va\u0161i gosti mo\u017eete pored fantasti\u010dnih fotografija snimiti i video poruke &#8211; \u017eelje, odgovore na pitanja ili izazove &#8211; sve potpuno personalizovano za Va\u0161u proslavu!<\/p>\n<\/div>\n\n\n\n<div style=\"height:var(--wp--preset--spacing--30)\" aria-hidden=\"true\" class=\"wp-block-spacer\"><\/div>\n\n\n\n<div class=\"wp-block-columns alignwide is-layout-flex wp-container-core-columns-is-layout-4935966c wp-block-columns-is-layout-flex\" style=\"padding-right:0;padding-left:0\">\n<div class=\"wp-block-column is-layout-flow wp-block-column-is-layout-flow\">\n<figure class=\"wp-block-image size-full is-style-rounded is-style-rounded--2\"><img loading=\"lazy\" decoding=\"async\" width=\"1000\" height=\"1000\" src=\"https:\/\/engos.rs\/wp-content\/uploads\/2025\/01\/najnoviji-foto-i-video-uredjaj-zaboravite-fotokabine-zabava.jpg\" alt=\"\" class=\"wp-image-626\" style=\"aspect-ratio:1;object-fit:cover\" srcset=\"https:\/\/engos.rs\/wp-content\/uploads\/2025\/01\/najnoviji-foto-i-video-uredjaj-zaboravite-fotokabine-zabava.jpg 1000w, https:\/\/engos.rs\/wp-content\/uploads\/2025\/01\/najnoviji-foto-i-video-uredjaj-zaboravite-fotokabine-zabava-300x300.jpg 300w, https:\/\/engos.rs\/wp-content\/uploads\/2025\/01\/najnoviji-foto-i-video-uredjaj-zaboravite-fotokabine-zabava-150x150.jpg 150w, https:\/\/engos.rs\/wp-content\/uploads\/2025\/01\/najnoviji-foto-i-video-uredjaj-zaboravite-fotokabine-zabava-768x768.jpg 768w, https:\/\/engos.rs\/wp-content\/uploads\/2025\/01\/najnoviji-foto-i-video-uredjaj-zaboravite-fotokabine-zabava-600x600.jpg 600w, https:\/\/engos.rs\/wp-content\/uploads\/2025\/01\/najnoviji-foto-i-video-uredjaj-zaboravite-fotokabine-zabava-100x100.jpg 100w\" sizes=\"auto, (max-width: 1000px) 100vw, 1000px\" \/><\/figure>\n\n\n\n<div class=\"wp-block-group is-vertical is-content-justification-center is-nowrap is-layout-flex wp-container-core-group-is-layout-21d4e958 wp-block-group-is-layout-flex\">\n<p class=\"has-text-align-center has-small-font-size\"><strong>Savr\u0161ena zabava<\/strong><\/p>\n\n\n\n<p class=\"has-text-align-center has-small-font-size\">Va\u0161i gosti \u0107e se zaljubiti u ovaj inovativni ure\u0111aj<\/p>\n<\/div>\n<\/div>\n\n\n\n<div class=\"wp-block-column is-layout-flow wp-block-column-is-layout-flow\">\n<figure class=\"wp-block-video\"><video height=\"1080\" style=\"aspect-ratio: 1080 \/ 1080;\" width=\"1080\" controls src=\"https:\/\/engos.rs\/wp-content\/uploads\/2025\/01\/EventJinny-zaboravite-dosadne-fotokabine-zabava-sa-selfijima-i-video-snimcima-je-tu-2.mp4\"><\/video><\/figure>\n\n\n\n<div class=\"wp-block-group is-vertical is-content-justification-center is-nowrap is-layout-flex wp-container-core-group-is-layout-63bfd6c1 wp-block-group-is-layout-flex\">\n<p class=\"has-text-align-center has-small-font-size\"><strong>Izuzetno visok kvalitet<\/strong><\/p>\n\n\n\n<p class=\"has-text-align-center has-small-font-size\">Fotografija i video snimaka<\/p>\n<\/div>\n<\/div>\n\n\n\n<div class=\"wp-block-column is-layout-flow wp-block-column-is-layout-flow\">\n<div class=\"wp-block-group is-vertical is-content-justification-center is-nowrap is-layout-flex wp-container-core-group-is-layout-63bfd6c1 wp-block-group-is-layout-flex\">\n<figure class=\"wp-block-video\"><video height=\"1368\" style=\"aspect-ratio: 1080 \/ 1368;\" width=\"1080\" controls src=\"https:\/\/engos.rs\/wp-content\/uploads\/2025\/01\/Event-Jinny-neverovatne-pozadine-i-ramovi-za-fotografije-za-vencanja-rodjendane-i-sve-vrste-proslava-2-1.mp4\"><\/video><\/figure>\n\n\n\n<p class=\"has-text-align-center has-small-font-size\"><strong>Potpuna personalizacija<\/strong><\/p>\n\n\n\n<p class=\"has-text-align-center has-small-font-size\">Izaberite savr\u0161ene pozadine i ramove koji \u0107e zabaviti Va\u0161e goste!<\/p>\n<\/div>\n<\/div>\n\n\n\n<div class=\"wp-block-column is-layout-flow wp-block-column-is-layout-flow\">\n<figure class=\"wp-block-image size-full is-style-rounded is-style-rounded--3\"><img loading=\"lazy\" decoding=\"async\" width=\"1000\" height=\"1000\" src=\"https:\/\/engos.rs\/wp-content\/uploads\/2025\/01\/najnoviji-foto-i-video-uredjajza-vencanja-svadbe-rodjendane.jpg\" alt=\"\" class=\"wp-image-627\" style=\"aspect-ratio:1;object-fit:cover\" srcset=\"https:\/\/engos.rs\/wp-content\/uploads\/2025\/01\/najnoviji-foto-i-video-uredjajza-vencanja-svadbe-rodjendane.jpg 1000w, https:\/\/engos.rs\/wp-content\/uploads\/2025\/01\/najnoviji-foto-i-video-uredjajza-vencanja-svadbe-rodjendane-300x300.jpg 300w, https:\/\/engos.rs\/wp-content\/uploads\/2025\/01\/najnoviji-foto-i-video-uredjajza-vencanja-svadbe-rodjendane-150x150.jpg 150w, https:\/\/engos.rs\/wp-content\/uploads\/2025\/01\/najnoviji-foto-i-video-uredjajza-vencanja-svadbe-rodjendane-768x768.jpg 768w, https:\/\/engos.rs\/wp-content\/uploads\/2025\/01\/najnoviji-foto-i-video-uredjajza-vencanja-svadbe-rodjendane-600x600.jpg 600w, https:\/\/engos.rs\/wp-content\/uploads\/2025\/01\/najnoviji-foto-i-video-uredjajza-vencanja-svadbe-rodjendane-100x100.jpg 100w\" sizes=\"auto, (max-width: 1000px) 100vw, 1000px\" \/><\/figure>\n\n\n\n<div class=\"wp-block-group is-vertical is-content-justification-center is-nowrap is-layout-flex wp-container-core-group-is-layout-21d4e958 wp-block-group-is-layout-flex\">\n<p class=\"has-text-align-center has-small-font-size\"><strong>Ekskluzivni ure\u0111aj<\/strong><\/p>\n\n\n\n<p class=\"has-text-align-center has-small-font-size\">Prvi put na tr\u017ei\u0161tu Srbije, ne propustite ovaj najnoviju inovativnu aktivaciju za Va\u0161 doga\u0111aj ili proslavu<\/p>\n<\/div>\n<\/div>\n<\/div>\n\n\n\n<p><\/p>\n\n\n\n<p class=\"has-text-align-center\">Mejl: <strong>info@engos.rs<\/strong>, Tel: <strong>061 687 51 01<\/strong><\/p>\n<\/div>\n\n\n\n<div class=\"wp-block-group alignfull has-base-background-color has-background has-global-padding is-layout-constrained wp-container-core-group-is-layout-d89aad35 wp-block-group-is-layout-constrained\" style=\"margin-top:0;margin-bottom:0;padding-top:var(--wp--preset--spacing--50);padding-right:var(--wp--preset--spacing--50);padding-bottom:var(--wp--preset--spacing--50);padding-left:var(--wp--preset--spacing--50)\">\n<div class=\"wp-block-columns alignwide is-layout-flex wp-container-core-columns-is-layout-549b0c86 wp-block-columns-is-layout-flex\">\n<div class=\"wp-block-column has-global-padding is-content-justification-left is-layout-constrained wp-container-core-column-is-layout-4f15e8fe wp-block-column-is-layout-constrained\" style=\"flex-basis:40%\">\n<p>Sav kreirani sadr\u017eaj je dostupan i siguran u onlajn galeriji Va\u0161eg doga\u0111aja!<\/p>\n<\/div>\n\n\n\n<div class=\"wp-block-column is-layout-flow wp-container-core-column-is-layout-119bc444 wp-block-column-is-layout-flow\" style=\"flex-basis:60%\">\n<p class=\"has-heading-font-family has-x-large-font-size\" style=\"line-height:1.2\">Zabavite svoje goste i instant kreirajte trajne foto i video uspomene, jedinstvene za Va\u0161 doga\u0111aj!<\/p>\n\n\n\n<div class=\"wp-block-columns is-layout-flex wp-container-core-columns-is-layout-87beb0d0 wp-block-columns-is-layout-flex\">\n<div class=\"wp-block-column is-layout-flow wp-block-column-is-layout-flow\">\n<p class=\"wp-container-content-9cfa9a5a\">Uz EventJinny Vi i Va\u0161i gosti kreirate jedinstvene fotografije i video snimke visokog kvaliteta. Gosti odmah nakon fotografisanja mogu skinuti svoje fotografije uz pomo\u0107 QR koda na ekranu. Vama su nakon doga\u0111aja dostupne sve verzije fotografija i video snimci u onlajn galeriji Va\u0161eg doga\u0111aja. Odatle ih lako i brzo mo\u017eete preuzeti, podeliti sa gostima ili na dru\u0161tvenim mre\u017eama. <\/p>\n<\/div>\n\n\n\n<div class=\"wp-block-column is-layout-flow wp-block-column-is-layout-flow\">\n<p>Bez obzira da li je u pitanju ro\u0111endan, ven\u010danje, devoja\u010dko ili moma\u010dko ve\u010de, korporativna proslava ili bilo koji drugi doga\u0111aj, EventJinny \u0107e zabaviti Va\u0161e goste i kreirati trajne uspomene u visokom kvalitetu. <\/p>\n\n\n\n<p><\/p>\n\n\n\n<p>Dizajn samog ure\u0111aja se lako uklapa u sve ambijente i doprinosi eleganciji doga\u0111aja. <\/p>\n<\/div>\n<\/div>\n<\/div>\n<\/div>\n<\/div>\n\n\n\n<p class=\"has-text-align-center\">Mejl: <strong>info@engos.rs<\/strong>, Tel: <strong>061 687 51 01<\/strong><\/p>\n\n\n\n<p><\/p>\n\n\n\n<div class=\"wp-block-group alignfull has-accent-5-background-color has-background has-global-padding is-layout-constrained wp-container-core-group-is-layout-d89aad35 wp-block-group-is-layout-constrained\" style=\"margin-top:0;margin-bottom:0;padding-top:var(--wp--preset--spacing--50);padding-right:var(--wp--preset--spacing--50);padding-bottom:var(--wp--preset--spacing--50);padding-left:var(--wp--preset--spacing--50)\">\n<div class=\"wp-block-columns alignwide is-layout-flex wp-container-core-columns-is-layout-1da03c2a wp-block-columns-is-layout-flex\">\n<div class=\"wp-block-column is-vertically-aligned-center is-layout-flow wp-block-column-is-layout-flow\" style=\"flex-basis:60%\">\n<figure class=\"wp-block-video\"><video height=\"1080\" style=\"aspect-ratio: 1080 \/ 1080;\" width=\"1080\" controls src=\"https:\/\/engos.rs\/wp-content\/uploads\/2025\/01\/EventJinny-zaboravite-dosadne-fotokabine-zabava-sa-selfijima-i-video-snimcima-je-tu-za-sve-proslavve-2.mov\"><\/video><\/figure>\n<\/div>\n\n\n\n<div class=\"wp-block-column is-layout-flow wp-block-column-is-layout-flow\" style=\"flex-basis:40%\">\n<h2 class=\"wp-block-heading\">Va\u0161 savr\u0161en partner za svaku proslavu<\/h2>\n\n\n\n<p>Postavite gostima zanimljiva pitanja na koja \u0107e oni odgovarati u video snimcima. Izaberite neograni\u010den broj virtuelnih pozadina i ramova sa natpisima po Va\u0161oj \u017eelji, EventJinny i inovacije podr\u017eane ve\u0161ta\u010dkom inteligencijom (AI) \u0107e odraditi sve ostalo!<\/p>\n\n\n\n<p><\/p>\n\n\n\n<p>Neka Va\u0161a proslava bude zapam\u0107ena po dodatnoj zabavi i neverovatnim selfijima i video snimcima u kojima \u0107ete u\u017eivati godinama. <\/p>\n\n\n\n<div class=\"wp-block-buttons is-layout-flex wp-block-buttons-is-layout-flex\">\n<div class=\"wp-block-button\"><a class=\"wp-block-button__link wp-element-button\">Kontaktirajte nas:<\/a><\/div>\n<\/div>\n\n\n\n<p>Mejl: <strong>info@engos.rs<\/strong><\/p>\n\n\n\n<p>Tel: <strong>061 687 51 01<\/strong><\/p>\n<\/div>\n<\/div>\n<\/div>\n\n\n\n<div style=\"height:11px\" aria-hidden=\"true\" class=\"wp-block-spacer\"><\/div>\n\n\n\n<ul class=\"wp-block-social-links aligncenter has-normal-icon-size is-layout-flex wp-block-social-links-is-layout-flex\"><li class=\"wp-social-link wp-social-link-instagram  wp-block-social-link\"><a href=\"https:\/\/www.instagram.com\/eventjinny_rs\/\" class=\"wp-block-social-link-anchor\"><svg width=\"24\" height=\"24\" viewBox=\"0 0 24 24\" version=\"1.1\" xmlns=\"http:\/\/www.w3.org\/2000\/svg\" aria-hidden=\"true\" focusable=\"false\"><path d=\"M12,4.622c2.403,0,2.688,0.009,3.637,0.052c0.877,0.04,1.354,0.187,1.671,0.31c0.42,0.163,0.72,0.358,1.035,0.673 c0.315,0.315,0.51,0.615,0.673,1.035c0.123,0.317,0.27,0.794,0.31,1.671c0.043,0.949,0.052,1.234,0.052,3.637 s-0.009,2.688-0.052,3.637c-0.04,0.877-0.187,1.354-0.31,1.671c-0.163,0.42-0.358,0.72-0.673,1.035 c-0.315,0.315-0.615,0.51-1.035,0.673c-0.317,0.123-0.794,0.27-1.671,0.31c-0.949,0.043-1.233,0.052-3.637,0.052 s-2.688-0.009-3.637-0.052c-0.877-0.04-1.354-0.187-1.671-0.31c-0.42-0.163-0.72-0.358-1.035-0.673 c-0.315-0.315-0.51-0.615-0.673-1.035c-0.123-0.317-0.27-0.794-0.31-1.671C4.631,14.688,4.622,14.403,4.622,12 s0.009-2.688,0.052-3.637c0.04-0.877,0.187-1.354,0.31-1.671c0.163-0.42,0.358-0.72,0.673-1.035 c0.315-0.315,0.615-0.51,1.035-0.673c0.317-0.123,0.794-0.27,1.671-0.31C9.312,4.631,9.597,4.622,12,4.622 M12,3 C9.556,3,9.249,3.01,8.289,3.054C7.331,3.098,6.677,3.25,6.105,3.472C5.513,3.702,5.011,4.01,4.511,4.511 c-0.5,0.5-0.808,1.002-1.038,1.594C3.25,6.677,3.098,7.331,3.054,8.289C3.01,9.249,3,9.556,3,12c0,2.444,0.01,2.751,0.054,3.711 c0.044,0.958,0.196,1.612,0.418,2.185c0.23,0.592,0.538,1.094,1.038,1.594c0.5,0.5,1.002,0.808,1.594,1.038 c0.572,0.222,1.227,0.375,2.185,0.418C9.249,20.99,9.556,21,12,21s2.751-0.01,3.711-0.054c0.958-0.044,1.612-0.196,2.185-0.418 c0.592-0.23,1.094-0.538,1.594-1.038c0.5-0.5,0.808-1.002,1.038-1.594c0.222-0.572,0.375-1.227,0.418-2.185 C20.99,14.751,21,14.444,21,12s-0.01-2.751-0.054-3.711c-0.044-0.958-0.196-1.612-0.418-2.185c-0.23-0.592-0.538-1.094-1.038-1.594 c-0.5-0.5-1.002-0.808-1.594-1.038c-0.572-0.222-1.227-0.375-2.185-0.418C14.751,3.01,14.444,3,12,3L12,3z M12,7.378 c-2.552,0-4.622,2.069-4.622,4.622S9.448,16.622,12,16.622s4.622-2.069,4.622-4.622S14.552,7.378,12,7.378z M12,15 c-1.657,0-3-1.343-3-3s1.343-3,3-3s3,1.343,3,3S13.657,15,12,15z M16.804,6.116c-0.596,0-1.08,0.484-1.08,1.08 s0.484,1.08,1.08,1.08c0.596,0,1.08-0.484,1.08-1.08S17.401,6.116,16.804,6.116z\"><\/path><\/svg><span class=\"wp-block-social-link-label screen-reader-text\">Instagram<\/span><\/a><\/li>\n\n<li class=\"wp-social-link wp-social-link-facebook  wp-block-social-link\"><a href=\"https:\/\/www.facebook.com\/profile.php?id=61570473973571\" class=\"wp-block-social-link-anchor\"><svg width=\"24\" height=\"24\" viewBox=\"0 0 24 24\" version=\"1.1\" xmlns=\"http:\/\/www.w3.org\/2000\/svg\" aria-hidden=\"true\" focusable=\"false\"><path d=\"M12 2C6.5 2 2 6.5 2 12c0 5 3.7 9.1 8.4 9.9v-7H7.9V12h2.5V9.8c0-2.5 1.5-3.9 3.8-3.9 1.1 0 2.2.2 2.2.2v2.5h-1.3c-1.2 0-1.6.8-1.6 1.6V12h2.8l-.4 2.9h-2.3v7C18.3 21.1 22 17 22 12c0-5.5-4.5-10-10-10z\"><\/path><\/svg><span class=\"wp-block-social-link-label screen-reader-text\">Facebook<\/span><\/a><\/li><\/ul>\n\n\n\n<div style=\"height:11px\" aria-hidden=\"true\" class=\"wp-block-spacer\"><\/div>\n\n\n\n<div class=\"wp-block-group alignfull has-base-color has-contrast-background-color has-text-color has-background has-link-color wp-elements-d1cca25753b1ae24e5fa48e7b9f1f6bb has-global-padding is-layout-constrained wp-container-core-group-is-layout-d89aad35 wp-block-group-is-layout-constrained\" style=\"margin-top:0;margin-bottom:0;padding-top:var(--wp--preset--spacing--50);padding-right:var(--wp--preset--spacing--50);padding-bottom:var(--wp--preset--spacing--50);padding-left:var(--wp--preset--spacing--50)\">\n<h2 class=\"wp-block-heading alignwide has-base-color has-text-color has-link-color wp-elements-130f6547ed594788b27209ed65a22c02\" style=\"font-size:clamp(4.509rem, 4.509rem + ((1vw - 0.2rem) * 9.152), 10rem);letter-spacing:-0.02em\">Naj\u010de\u0161\u0107a pitanja<\/h2>\n\n\n\n<div class=\"wp-block-group alignwide is-layout-flow wp-block-group-is-layout-flow\">\n<hr class=\"wp-block-separator has-text-color has-base-color has-alpha-channel-opacity has-base-background-color has-background is-style-wide\" style=\"margin-top:var(--wp--preset--spacing--30);margin-bottom:var(--wp--preset--spacing--30)\"\/>\n\n\n\n<h3 class=\"wp-block-heading alignwide has-base-2-color has-text-color has-link-color wp-elements-1767a44f06789ea88bb05a38eccf3c02\">Koliko fotografija i video snimaka gosti mogu da naprave?<\/h3>\n\n\n\n<p class=\"has-contrast-1-color has-text-color has-link-color wp-elements-bb3b007cb3cbd1809ef4e69bb2090c74\">Neograni\u010deno! Zabavite se sa Va\u0161im gostima bez ikakvih ograni\u010denja i znajte da je sve t\u0161o snimite sa\u010duvano bezbedno u onlajn galeriji Va\u0161eg doga\u0111aja.<\/p>\n\n\n\n<hr class=\"wp-block-separator has-text-color has-base-color has-alpha-channel-opacity has-base-background-color has-background is-style-wide\" style=\"margin-top:var(--wp--preset--spacing--30);margin-bottom:var(--wp--preset--spacing--30)\"\/>\n\n\n\n<h3 class=\"wp-block-heading alignwide has-base-2-color has-text-color has-link-color wp-elements-42201a2ecd713cb91d0d4f3e3b0e94dc\">Mogu li sadr\u017eaji EventJinny ure\u0111aja da se personalizuju?<\/h3>\n\n\n\n<p class=\"has-contrast-1-color has-text-color has-link-color wp-elements-735593cc4b410e01547d33a5273ab886\">Da! Mnogo toga u okviru EventJinny usluge mo\u017ee biti skrojeno ba\u0161 po Va\u0161im potrebama &#8211; uvodni video, video dobrodo\u0161lice, pozadine fotografija, ramovi i kartice sa pitanjima! Mi posedujemo ekstenzivnu galeriju pozadina pogodnih za najrazli\u010ditije doga\u0111aje, a uvek mo\u017eemo i kreirati pozadine za fotografije i ramove po Va\u0161im specifikacijama. <\/p>\n\n\n\n<hr class=\"wp-block-separator has-text-color has-base-color has-alpha-channel-opacity has-base-background-color has-background is-style-wide\" style=\"margin-top:var(--wp--preset--spacing--30);margin-bottom:var(--wp--preset--spacing--30)\"\/>\n\n\n\n<h3 class=\"wp-block-heading alignwide has-base-2-color has-text-color has-link-color wp-elements-03ec83153d77296567e1aa84e4ce4bd0\">Kako gosti mogu da pristupe svojim fotografijama?<\/h3>\n\n\n\n<p class=\"has-contrast-1-color has-text-color has-link-color wp-elements-f630a4e4b923fdc249ca7c830a969237\">Gosti odmah nakon fotografisanja mogu da uz pomo\u0107 QR koda preuzmu svoje fotografije &#8211; originalnu ili fotografiju sa uba\u010denim personalizovanim pozadinama. Fotografije gostiju se ubacuju na pozadine uz pomo\u0107 programa podr\u017eanog ve\u0161ta\u010dkom inteligencijom (AI) i nije potrebna nikakva dodatna gabaritna oprema poput green screen platna, bekdropova i sli\u010dno. <\/p>\n\n\n\n<hr class=\"wp-block-separator has-text-color has-base-color has-alpha-channel-opacity has-base-background-color has-background is-style-wide\" style=\"margin-top:var(--wp--preset--spacing--30);margin-bottom:var(--wp--preset--spacing--30)\"\/>\n\n\n\n<h3 class=\"wp-block-heading alignwide has-base-2-color has-text-color has-link-color wp-elements-d84eb70d81a63d5ee4d6cf98d5649608\">Da li je potrebna Wi-Fi konekcija da bi ure\u0111aj radio?<\/h3>\n\n\n\n<p class=\"has-contrast-1-color has-text-color has-link-color wp-elements-34e959ebc4d9bd1aca15673262c2b823\"><strong>Toplo preporu\u010dujemo da ure\u0111aj bude povezan na stabilanu Wi-Fi konekciju kako bi sve opcije usluge bile dostupne.<\/strong> Me\u0111utim, \u010dak i ako internet konekcija nije dostupna, ure\u0111aj \u0107e i dalje sa\u010duvati sve Va\u0161e uspomene u foto i video formatu. Nakon povezivanja na Wi-Fi svi Va\u0161i sadr\u017eaji \u0107e biti dostupni u Va\u0161oj onlajn galeriji.<\/p>\n\n\n\n<hr class=\"wp-block-separator has-text-color has-base-color has-alpha-channel-opacity has-base-background-color has-background is-style-wide\" style=\"margin-top:var(--wp--preset--spacing--30);margin-bottom:var(--wp--preset--spacing--30)\"\/>\n\n\n\n<h3 class=\"wp-block-heading alignwide has-base-2-color has-text-color has-link-color wp-elements-c9c7ad532f460a951ce9299a377c7bee\">Gde postaviti EventJinny ure\u0111aj i koliko prostora mu je potrebno?<\/h3>\n\n\n\n<p class=\"has-contrast-1-color has-text-color has-link-color wp-elements-34f154ffe4e1f81b6a408f667f055132\">EventJinny dolazi sa svojim tripod stativom koji se postavlja u roku od 2-3 minuta. Stativ je stabilan i ima svoj elegantni beli prekriva\u010d, tako da Vam nije potreban nikakav dodatni sto ili drugi predmet kako bi ure\u0111aj radio. Naravno, ukoliko \u017eelite, ure\u0111aj mo\u017ee biti postavljen i u specijalni kutak doga\u0111aja na dekorativni sto ili komodu. Ure\u0111aj sa stalkom zauzima prostor manji 1m2 tako da mo\u017ee biti postavljen i u najmanjim salama. <\/p>\n\n\n\n<hr class=\"wp-block-separator has-text-color has-base-color has-alpha-channel-opacity has-base-background-color has-background is-style-wide\" style=\"margin-top:var(--wp--preset--spacing--30);margin-bottom:var(--wp--preset--spacing--30)\"\/>\n\n\n\n<h3 class=\"wp-block-heading alignwide has-base-2-color has-text-color has-link-color wp-elements-2b794e0d7f42978bd82e42fc40a69af7\">Kakvi uslovi osvetljenja su potrebni za fotografije i video snimke?<\/h3>\n\n\n\n<p class=\"has-contrast-1-color has-text-color has-link-color wp-elements-3cf2690199f1e91b1475d4b420915256\">EventJinny ima ugra\u0111en blic, tako da fotografisanje i video snimci u bilo kojim uslovima izgledaju odli\u010dno i profesionalnog su kvaliteta. Trebalo bi samo obratiti da ure\u0111aj ne bude tik uz zvu\u010dnike kako bi se obezbedio dobar kvalitet zvuka prilikom ostavljanja video snimaka i video poruka.<\/p>\n\n\n\n<hr class=\"wp-block-separator has-text-color has-base-color has-alpha-channel-opacity has-base-background-color has-background is-style-wide\" style=\"margin-top:var(--wp--preset--spacing--30);margin-bottom:var(--wp--preset--spacing--30)\"\/>\n\n\n\n<h3 class=\"wp-block-heading alignwide has-base-2-color has-text-color has-link-color wp-elements-e4c99021a6800e8570dca7653849ac23\">Fantasti\u010dno! Kako da rezervi\u0161em?<\/h3>\n\n\n\n<p class=\"has-contrast-1-color has-text-color has-link-color wp-elements-f6784308e31426f49a76edfd4a7b5256\">Kontaktirajte nas sa informacijama o lokaciji i trajanju Va\u0161eg doga\u0111aja, kao i broju gostiju koje o\u010dekujete, a mi \u0107emo obaviti sve ostalo! <\/p>\n\n\n\n<p>Mejl: <strong>info@engos.rs<\/strong>, Tel: <strong>061 687 51 01<\/strong><\/p>\n\n\n\n<h3 class=\"wp-block-heading alignwide has-base-2-color has-text-color has-link-color wp-elements-2b48e081fa8cb2218cbd4bcc07055d1d\"><\/h3>\n\n\n\n<div style=\"margin-top:var(--wp--preset--spacing--10);margin-bottom:0;height:var(--wp--preset--spacing--10)\" aria-hidden=\"true\" class=\"wp-block-spacer\"><\/div>\n<\/div>\n<\/div>\n\n\n\n<p><\/p>\n","protected":false},"excerpt":{"rendered":"<p>Novo na tr\u017ei\u0161tu Srbije! Foto i video ure\u0111aj podr\u017ean ve\u0161ta\u010dkom inteligencijom (AI) &#8211; savr\u0161en izbor za sve vrste proslava &#8211; od ven\u010danja i ro\u0111endana do korporativnih proslava. Zaboravite na standardne fotokabine, EventJinny je tu sa svojim tradicionalnim i elegantnim dizajnom iza koga se krije najmodernija tehnologija iz Velike Britanije. Mejl: info@engos.rs, Tel: 061 687 51 [&hellip;]<\/p>\n","protected":false},"author":1,"featured_media":0,"parent":0,"menu_order":0,"comment_status":"closed","ping_status":"closed","template":"","meta":{"footnotes":""},"class_list":["post-617","page","type-page","status-publish","hentry"],"_links":{"self":[{"href":"https:\/\/engos.rs\/index.php?rest_route=\/wp\/v2\/pages\/617","targetHints":{"allow":["GET"]}}],"collection":[{"href":"https:\/\/engos.rs\/index.php?rest_route=\/wp\/v2\/pages"}],"about":[{"href":"https:\/\/engos.rs\/index.php?rest_route=\/wp\/v2\/types\/page"}],"author":[{"embeddable":true,"href":"https:\/\/engos.rs\/index.php?rest_route=\/wp\/v2\/users\/1"}],"replies":[{"embeddable":true,"href":"https:\/\/engos.rs\/index.php?rest_route=%2Fwp%2Fv2%2Fcomments&post=617"}],"version-history":[{"count":8,"href":"https:\/\/engos.rs\/index.php?rest_route=\/wp\/v2\/pages\/617\/revisions"}],"predecessor-version":[{"id":637,"href":"https:\/\/engos.rs\/index.php?rest_route=\/wp\/v2\/pages\/617\/revisions\/637"}],"wp:attachment":[{"href":"https:\/\/engos.rs\/index.php?rest_route=%2Fwp%2Fv2%2Fmedia&parent=617"}],"curies":[{"name":"wp","href":"https:\/\/api.w.org\/{rel}","templated":true}]}}