{"id":3,"date":"2024-01-23T17:19:36","date_gmt":"2024-01-23T17:19:36","guid":{"rendered":"http:\/\/engos.rs\/?page_id=3"},"modified":"2024-01-27T17:55:51","modified_gmt":"2024-01-27T17:55:51","slug":"privacy-policy","status":"publish","type":"page","link":"https:\/\/engos.rs\/?page_id=3","title":{"rendered":"Politika privatnosti"},"content":{"rendered":"\n<h2 class=\"wp-block-heading\">Ko smo mi<\/h2>\n\n\n\n<p class=\"has-body-font-family has-medium-font-size\">Sajt: www.engos.rs.<\/p>\n\n\n\n<p class=\"has-body-font-family has-medium-font-size\">Web sajt www.engos.rs. vrlo ozbiljno shvata svoju odgovornost u pogledu za\u0161tite podataka o li\u010dnosti.<\/p>\n\n\n\n<p class=\"has-body-font-family has-medium-font-size\">www.engos.rs. (u daljem tekstu web sajt) obvezuje se da \u0107e \u0161tititi Va\u0161u privatnost i omogu\u0107iti Vam najbolje mogu\u0107e iskustvo kori\u0161\u0107enja ove web stranice.<\/p>\n\n\n\n<p class=\"has-body-font-family has-medium-font-size\">Molimo, pro\u010ditajte ovu izjavu kako biste razumeli kako se odnosimo prema Va\u0161im li\u010dnim podacima. Ova izjava se mo\u017ee menjati, pa preporu\u010dujemo da je povremeno proverite.<\/p>\n\n\n\n<p class=\"has-body-font-family has-medium-font-size\"><strong>O Politici privatnosti<\/strong><\/p>\n\n\n\n<p>Ova politika za\u0161tite privatnosti opisuje na\u010dine na koje web sajt koristi li\u010dne podatke posetilaca. Davanjem svojih li\u010dnih podataka i prihvatanjem Politike privatnosti potvr\u0111ujete da ste saglasni da se Va\u0161i podaci koriste na na\u010din opisan u ovoj Politici. Ukoliko se Politika privatnosti promeni, izmenjeni tekst Politike \u0107emo objaviti na ovoj stranici. Kontinuiranom upotrebom ovog sajta, kao i davanjem svojih podataka prilikom online kontakta potvr\u0111ujete da ste saglasni i sa izmenama Politike.<\/p>\n\n\n\n<p>Politika privatnosti je dokument koji garantuje za\u0161titu privatnosti na\u0161ih korisnika na Internetu. Web sajt mo\u017eete pregledati besplatno i bez ikakve obaveze da otkrijete svoj identitet ili ostavite bilo kakve li\u010dne podatke. Ako se odlu\u010dite za kupovinu na sajtu, bi\u0107e neophodno da nam ostavite Va\u0161e li\u010dne podatke kako bismo bili u mogu\u0107nosti da Vam isporu\u010dimo \u017eeljene proizvode. Tra\u017eimo samo informacije koje su nu\u017ene kako bismo \u0161to bolje realizovali Va\u0161 zahtev. <\/p>\n\n\n\n<h4 class=\"wp-block-heading has-body-font-family has-medium-font-size\"><strong>Prikupljanje informacija \u2013 na\u010din i razlog<\/strong><\/h4>\n\n\n\n<p class=\"has-body-font-family has-medium-font-size\">Web sajt tra\u017ei Va\u0161e li\u010dne podatke samo ako \u017eelite koristite neku od na\u0161ih usluga i samovoljno popunite forme na na\u0161em web sajtu.<\/p>\n\n\n\n<p class=\"has-body-font-family has-medium-font-size\">Posetite li web sajt, na\u0161 web provider automatski bele\u017ei podatke koji uklju\u010duju IP adresu Va\u0161eg ra\u010dunara, vrstu pretra\u017eiva\u010da, ime domena, vreme posete, adresu web stranice s koje ste do\u0161li, te sve informacije o stranicama koje posetite na na\u0161oj web lokaciji.<\/p>\n\n\n\n<p class=\"has-body-font-family has-medium-font-size\">Ove podatke koristimo za statisti\u010dke analize o kori\u0161\u0107enju na\u0161ih stranica, s ciljem da pobolj\u0161amo kvalitet usluge.<\/p>\n\n\n\n<p class=\"has-body-font-family has-medium-font-size\">Napomena: na\u0161 web provider ne bele\u017ei Va\u0161u e-mail adresu ili bilo koje druge podatke, koji bi se mogli iskoristiti za Va\u0161u li\u010dnu identifikaciju. Mo\u017eete se isklju\u010diti iz bele\u017eenja ovih podataka ako ispravno podesite Va\u0161 web pretra\u017eiva\u010d \u2013 vi\u0161e o tome u nastavku.<\/p>\n\n\n\n<p><strong>Podaci koje skupljamo su slede\u0107i:<\/strong><\/p>\n\n\n\n<ul class=\"wp-block-list\">\n<li class=\"has-body-font-family has-medium-font-size\">Domen i IP adresa;<\/li>\n\n\n\n<li class=\"has-body-font-family has-medium-font-size\">Vrstu browser-a i operativnog sistema pomo\u0107u kojeg se pristupilo na\u0161em sajtu;<\/li>\n\n\n\n<li class=\"has-body-font-family has-medium-font-size\">Vreme pristupa i du\u017einu posete;<\/li>\n\n\n\n<li class=\"has-body-font-family has-medium-font-size\">Strane koje pose\u0107ujete;<\/li>\n\n\n\n<li class=\"has-body-font-family has-medium-font-size\">Ukoliko ste posetili na\u0161 web sajt sa nekog drugog sajta, adresu tog sajta;<\/li>\n\n\n\n<li class=\"has-body-font-family has-medium-font-size\">Ukoliko nam sami prosledite informacije.<\/li>\n<\/ul>\n\n\n\n<p><strong>U kojim slu\u010dajevima bele\u017eimo va\u0161e privatne podatke:<\/strong><\/p>\n\n\n\n<ul class=\"wp-block-list\">\n<li style=\"font-style:italic;font-weight:400\">Postavljanje pitanja<\/li>\n\n\n\n<li style=\"font-style:italic;font-weight:400\">Prijava na mejling listu (newsletter)<\/li>\n\n\n\n<li style=\"font-style:italic;font-weight:400\">Ostavljanje komentara<\/li>\n\n\n\n<li style=\"font-style:italic;font-weight:400\">Naru\u010divanje proizvoda<\/li>\n<\/ul>\n\n\n\n<h2 class=\"wp-block-heading\">Va\u0161e li\u010dne podatke ne delimo sa drugima ni pod kojim uslovima<\/h2>\n\n\n\n<p>Web sajt ne\u0107e prodavati, trgovati, iznajmljivati ili davati Va\u0161e li\u010dne podatke tre\u0107oj strani ni pod kojim uslovima.<\/p>\n\n\n\n<h2 class=\"wp-block-heading\">Sigurnost prikupljenih informacija<\/h2>\n\n\n\n<p>Web sajt posebno brine da su prikupljene informacije o korisnicima sigurne i za\u0161ti\u0107ene od gubitka, promena, nedozvoljenog pristupa i bilo koje vrste zloupotrebe.<\/p>\n\n\n\n<p>Web sajt je na sigurnom SSL serveru. Pridr\u017eavamo se strogih bezbednosnih procedura u pogledu \u010duvanja i otkrivanja informacija koje nam dajete kako bismo spre\u010dili neovla\u0161\u0107eni pristup istima.<\/p>\n\n\n\n<p>Sa na\u0161eg sajta linkovi mogu voditi na druge web sajtove. Ne snosimo odgovornost za politiku ili procedure za za\u0161titu podataka, kao ni za sadr\u017eaj na drugim web sajtovima.<\/p>\n\n\n\n<h2 class=\"wp-block-heading\">Politika kola\u010di\u0107a<\/h2>\n\n\n\n<p>Kori\u0161\u0107enjem na\u0161eg web sajta saglasni ste da mo\u017eemo da sa\u010duvamo kola\u010di\u0107e i IP adrese i da im pristupimo, da koristimo druge metode za prikupljanje podataka o kori\u0161\u0107enju web sajta i pobolj\u0161amo Va\u0161e iskustvo. Usled nedavnih promena u zakonu, svi web sajtovi koji su aktivni \u0161irom odre\u0111enih delova Evropske unije moraju da dobiju pristanak za kori\u0161\u0107enje ili \u010duvanje kola\u010di\u0107a (ili sli\u010dnih tehnologija) na Va\u0161im ra\u010dunarima ili mobilnim ure\u0111ajima. Ova politika kola\u010di\u0107a pru\u017ea Vam jasne i relevantne informacije o kola\u010di\u0107ima koje koristimo i o razlozima za njihovo kori\u0161\u0107enje.<\/p>\n\n\n\n<h2 class=\"wp-block-heading\">Va\u0161 pristanak<\/h2>\n\n\n\n<p>Time \u0161to nastavljate da koristite na\u0161 web sajt sla\u017eete se sa tim da mo\u017eemo da postavimo kola\u010di\u0107e na Va\u0161 ra\u010dunar kako bismo analizirali na\u010din na koji koristite na\u0161 web sajt. Molimo Vas da pa\u017eljivo pro\u010ditate ovu politiku kola\u010di\u0107a kako biste saznali detaljne informacije o podacima koje prikupljamo kada koristite ovaj sajt. Ukoliko ne \u017eelite da prihvatite kola\u010di\u0107e u pogledu Va\u0161eg kori\u0161\u0107enja ovog web sajta, morate da prestanete da ga koristite.<\/p>\n\n\n\n<h2 class=\"wp-block-heading\">\u0160ta je kola\u010di\u0107?<\/h2>\n\n\n\n<p>Kola\u010di\u0107i su male datoteke koje se postavljaju na Va\u0161 ra\u010dunar preko web sajtova koje posetite ili odre\u0111enih poruka e-po\u0161te koje otvorite. Njihova upotreba je \u0161iroko rasprostranjena kako bi web sajtovi mogli pravilno da funkcioni\u0161u i kako bi njihovi vlasnici mogli da dobiju poslovne i marketin\u0161ke informacije.<\/p>\n\n\n\n<p>Kola\u010di\u0107i koje koristimo na web sajtu poma\u017eu nam da Vam obezbedimo bolje iskustvo na mre\u017ei, pamte Va\u0161e parametre i poma\u017eu nam da pobolj\u0161amo sajt. Time \u0161to pristupate na\u0161em web sajtu sla\u017eete se da se ova politika kola\u010di\u0107a primenjuje kad god pristupite web sajtu, nezavisno od ure\u0111aja koji koristite.<\/p>\n\n\n\n<h2 class=\"wp-block-heading\">Koje li\u010dne informacije prikupljaju kola\u010di\u0107i?<\/h2>\n\n\n\n<p>Uop\u0161teno, kola\u010di\u0107 sadr\u017ei tekstualni niz koji sadr\u017ei informacije o pregleda\u010du. Za rad nije neophodno da kola\u010di\u0107 prepozna odakle ste, on samo treba da zapamti Va\u0161 pregleda\u010d.<\/p>\n\n\n\n<h2 class=\"wp-block-heading\">Da li mogu da povu\u010dem svoj pristanak?<\/h2>\n\n\n\n<p>Nakon \u0161to ste nam dali pristanak u pogledu kori\u0161\u0107enja kola\u010di\u0107a, na Va\u0161em ra\u010dunaru ili ure\u0111aju bi\u0107e sa\u010duvan kola\u010di\u0107 koji ovo pode\u0161avanje pamti za naredni put. Ovo prestaje da va\u017ei nakon odre\u0111enog vremena (u svakom slu\u010daju u periodu od 13 meseci). Ukoliko u bilo kom trenutku \u017eelite da povu\u010dete svoj pristanak, bi\u0107e potrebno da izbri\u0161ete kola\u010di\u0107e preko pode\u0161avanja u internet pregleda\u010du. Za dodatne informacije o brisanju ili blokiranju kola\u010di\u0107a posetite\u00a0<a href=\"https:\/\/aboutcookies.org\/\" target=\"_blank\" rel=\"noreferrer noopener\">aboutcookies.org<\/a>.<\/p>\n\n\n\n<h2 class=\"wp-block-heading\">Kako mogu da isklju\u010dim kola\u010di\u0107e?<\/h2>\n\n\n\n<p>Internet pregleda\u010di Vam omogu\u0107avaju da promenite pode\u0161avanja u vezi sa kola\u010di\u0107ima. U Va\u0161em internet pregleda\u010du data pode\u0161avanja se naj\u010de\u0161\u0107e nalaze u meniju \u201eOpcije\u201d (Options) ili \u201eParametri\u201d (Preferences). Dole navedene veze mogu biti od pomo\u0107i ako \u017eelite bolje da razumete pode\u0161avanja. Ili, za dodatne informacije treba da iskoristite opciju \u201ePomo\u0107\u201d (Help) u svom internet pregleda\u010du.<\/p>\n\n\n\n<ul class=\"wp-block-list\">\n<li><a href=\"https:\/\/www.timeanddate.com\/custom\/cookiesie.html\" target=\"_blank\" rel=\"noreferrer noopener\">Pode\u0161avanje kola\u010di\u0107a u Internet Explorer-u<\/a><\/li>\n\n\n\n<li><a href=\"https:\/\/support.mozilla.org\/en-US\/kb\/cookies-information-websites-store-on-your-computer?redirectlocale=en-US&amp;redirectslug=Cookies\" target=\"_blank\" rel=\"noreferrer noopener\">Pode\u0161avanje kola\u010di\u0107a u Firefox-u<\/a><\/li>\n\n\n\n<li><a href=\"https:\/\/support.google.com\/chrome\/answer\/95647?hl=en\" target=\"_blank\" rel=\"noreferrer noopener\">Pode\u0161avanja kola\u010di\u0107a u Chrome-u<\/a><\/li>\n\n\n\n<li><a href=\"https:\/\/support.apple.com\/en-us\/HT201265\" target=\"_blank\" rel=\"noreferrer noopener\">Pode\u0161avanja kola\u010di\u0107a u Safari-ju<\/a><\/li>\n<\/ul>\n\n\n\n<h2 class=\"wp-block-heading\">Kada koristimo kola\u010di\u0107e?<\/h2>\n\n\n\n<p><strong>Pra\u0107enje<\/strong><\/p>\n\n\n\n<p>Kola\u010di\u0107i se koriste za prikupljanje statisti\u010dkih podataka o tome kako korisnici upotrebljavaju na\u0161 sajt. Na primer, za dobijanje uvida u to kako posetioci koriste web sajt tako da mo\u017eemo da ga pobolj\u0161amo u smislu njegove upotrebljivosti.<\/p>\n\n\n\n<p><strong>Ciljanje<\/strong><\/p>\n\n\n\n<p>Kola\u010di\u0107i za \u201eciljanje\u201d su povezani sa uslugama koje pru\u017eaju tre\u0107e strane, kao \u0161to je dugme \u201eLike\u201d i \u201eShare\u201d. Tre\u0107e strane pru\u017eaju ove usluge u zamenu za prepoznavanje da ste posetili na\u0161u web stranicu.<\/p>\n\n\n\n<p>Povezivanje sa dru\u0161tvenim mre\u017eama poput Fejsbuka mo\u017ee dovesti do toga da one koriste informacije o va\u0161oj poseti kako bi na drugim web sajtovima usmerile ogla\u0161avanje na vas.<\/p>\n\n\n\n<p>Kola\u010di\u0107i pru\u017eaju agencijama za ogla\u0161avanje informacije o va\u0161oj poseti tako da one mogu da vam ponude oglase koji bi vas zanimali.<\/p>\n\n\n\n<p>Svim ovim kola\u010di\u0107ima upravljaju tre\u0107e strane, a za dodatne informacije mo\u017eete da pogledate obave\u0161tenja o privatnosti na web sajtovima samih tre\u0107ih strana.<\/p>\n\n\n\n<p>Time \u0161to koristite na\u0161 sajt prihvatate upotrebu kola\u010di\u0107a za \u201eciljanje\u201d. U nekim slu\u010dajevima prihvatanje ovih kola\u010di\u0107a predstavlja uslov za kori\u0161\u0107enje web sajta; dakle, ukoliko ih onemogu\u0107ite\/blokirate ne mo\u017eemo da garantujemo kako \u0107e na\u0161 sajt funkcionisati.<\/p>\n\n\n\n<h2 class=\"wp-block-heading\">Google analitika<\/h2>\n\n\n\n<p>Ova web stranica koristi Google Analytics za analizu kori\u0161\u0107enja web stranice. Google Analytics upotrebljava kola\u010di\u0107e za prikupljanje standardnih podataka internetskih zapisnika i posetilaca ili podataka u anonimnom obliku. Informacije koje generi\u0161e kola\u010di\u0107 o Va\u0161oj upotrebi web stranice (uklju\u010duju\u0107i IP adresu) prenose se Google-u. Informacije se zatim koriste za procenu kori\u0161\u0107enja web stranice posetilaca i za prikupljanje statisti\u010dkih izve\u0161taja o aktivnostima na web sajtu.<\/p>\n\n\n\n<p>Google pravila o privatnosti dostupna su na adresi:\u00a0<a href=\"https:\/\/policies.google.com\/privacy\" target=\"_blank\" rel=\"noreferrer noopener\">https:\/\/policies.google.com\/privacy<\/a>.<\/p>\n\n\n\n<p>Google je razvio dodatni program za pregleda\u010d za JavaScript Google analitike kojim se ona isklju\u010duje (ga.js, analytics.js, dc.js). Ukoliko \u017eelite da budete isklju\u010deni iz Google analitike, mo\u017eete da preuzmete i instalirate dodatni program za svoj mre\u017eni pregleda\u010d.<\/p>\n\n\n\n<h2 class=\"wp-block-heading\">Kako nas kontaktirati?<\/h2>\n\n\n\n<p>U svakom trenutku mo\u017eete zahtevati brisanje svih podataka slanjem zahteva na\u00a0<a href=\"mailto:savetizablogere@gmail.com\" target=\"_blank\" rel=\"noreferrer noopener\">info@engos.rs<\/a>, sa naslovom GDPR.<\/p>\n\n\n\n<h2 class=\"wp-block-heading\">Promene politike privatnosti<\/h2>\n\n\n\n<p>Sve promene politike privatnosti \u0107e biti zabele\u017eene ovde, tako da posetioci na\u0161ih stranica uvek znaju koje informacije prikupljamo, kako ih koristimo i u kojim okolnostima ih delimo s tre\u0107om stranom.<\/p>\n","protected":false},"excerpt":{"rendered":"<p>Ko smo mi Sajt: www.engos.rs. Web sajt www.engos.rs. vrlo ozbiljno shvata svoju odgovornost u pogledu za\u0161tite podataka o li\u010dnosti. www.engos.rs. (u daljem tekstu web sajt) obvezuje se da \u0107e \u0161tititi Va\u0161u privatnost i omogu\u0107iti Vam najbolje mogu\u0107e iskustvo kori\u0161\u0107enja ove web stranice. Molimo, pro\u010ditajte ovu izjavu kako biste razumeli kako se odnosimo prema Va\u0161im li\u010dnim [&hellip;]<\/p>\n","protected":false},"author":1,"featured_media":0,"parent":0,"menu_order":0,"comment_status":"closed","ping_status":"open","template":"","meta":{"footnotes":""},"class_list":["post-3","page","type-page","status-publish","hentry"],"_links":{"self":[{"href":"https:\/\/engos.rs\/index.php?rest_route=\/wp\/v2\/pages\/3","targetHints":{"allow":["GET"]}}],"collection":[{"href":"https:\/\/engos.rs\/index.php?rest_route=\/wp\/v2\/pages"}],"about":[{"href":"https:\/\/engos.rs\/index.php?rest_route=\/wp\/v2\/types\/page"}],"author":[{"embeddable":true,"href":"https:\/\/engos.rs\/index.php?rest_route=\/wp\/v2\/users\/1"}],"replies":[{"embeddable":true,"href":"https:\/\/engos.rs\/index.php?rest_route=%2Fwp%2Fv2%2Fcomments&post=3"}],"version-history":[{"count":1,"href":"https:\/\/engos.rs\/index.php?rest_route=\/wp\/v2\/pages\/3\/revisions"}],"predecessor-version":[{"id":31,"href":"https:\/\/engos.rs\/index.php?rest_route=\/wp\/v2\/pages\/3\/revisions\/31"}],"wp:attachment":[{"href":"https:\/\/engos.rs\/index.php?rest_route=%2Fwp%2Fv2%2Fmedia&parent=3"}],"curies":[{"name":"wp","href":"https:\/\/api.w.org\/{rel}","templated":true}]}}