{"id":28,"date":"2024-01-27T17:23:13","date_gmt":"2024-01-27T17:23:13","guid":{"rendered":"https:\/\/engos.rs\/?page_id=28"},"modified":"2024-01-27T17:24:21","modified_gmt":"2024-01-27T17:24:21","slug":"o-nama","status":"publish","type":"page","link":"https:\/\/engos.rs\/?page_id=28","title":{"rendered":"O nama"},"content":{"rendered":"\n<p>Na\u0161 najve\u0107i motiv je da doprinesemo lepoti i oplemenjenosti \u017eivota svakog pojedinca. Inspiri\u0161u nas umetni\u010dka dela, posebni doga\u0111aji i ljudske emocije. <\/p>\n\n\n\n<p>Kroz na\u0161e proizvode i umetni\u010dka dela \u017eelimo da donesemo nadahnu\u0107e, estetski u\u017eitak i posebnu energiju. <\/p>\n\n\n\n<p>\u017delimo da inspiri\u0161emo svakoga da traga za lepim u svakom danu i svakom prostoru. <\/p>\n\n\n\n<p>Ovo je mesto gde spajamo umetnost, kreativnost, ideje i ljubav prema lepom. Kreiramo ru\u010dno oslikane dekoracije sa puno ljubavi i pa\u017enje. <\/p>\n\n\n\n<p>Va\u0161<\/p>\n\n\n\n<p>Engos Art<\/p>\n\n\n\n<p><\/p>\n","protected":false},"excerpt":{"rendered":"<p>Na\u0161 najve\u0107i motiv je da doprinesemo lepoti i oplemenjenosti \u017eivota svakog pojedinca. Inspiri\u0161u nas umetni\u010dka dela, posebni doga\u0111aji i ljudske emocije. Kroz na\u0161e proizvode i umetni\u010dka dela \u017eelimo da donesemo nadahnu\u0107e, estetski u\u017eitak i posebnu energiju. \u017delimo da inspiri\u0161emo svakoga da traga za lepim u svakom danu i svakom prostoru. Ovo je mesto gde spajamo [&hellip;]<\/p>\n","protected":false},"author":1,"featured_media":0,"parent":0,"menu_order":0,"comment_status":"closed","ping_status":"closed","template":"","meta":{"footnotes":""},"class_list":["post-28","page","type-page","status-publish","hentry"],"_links":{"self":[{"href":"https:\/\/engos.rs\/index.php?rest_route=\/wp\/v2\/pages\/28","targetHints":{"allow":["GET"]}}],"collection":[{"href":"https:\/\/engos.rs\/index.php?rest_route=\/wp\/v2\/pages"}],"about":[{"href":"https:\/\/engos.rs\/index.php?rest_route=\/wp\/v2\/types\/page"}],"author":[{"embeddable":true,"href":"https:\/\/engos.rs\/index.php?rest_route=\/wp\/v2\/users\/1"}],"replies":[{"embeddable":true,"href":"https:\/\/engos.rs\/index.php?rest_route=%2Fwp%2Fv2%2Fcomments&post=28"}],"version-history":[{"count":1,"href":"https:\/\/engos.rs\/index.php?rest_route=\/wp\/v2\/pages\/28\/revisions"}],"predecessor-version":[{"id":29,"href":"https:\/\/engos.rs\/index.php?rest_route=\/wp\/v2\/pages\/28\/revisions\/29"}],"wp:attachment":[{"href":"https:\/\/engos.rs\/index.php?rest_route=%2Fwp%2Fv2%2Fmedia&parent=28"}],"curies":[{"name":"wp","href":"https:\/\/api.w.org\/{rel}","templated":true}]}}